{"id":1487,"date":"2023-02-05T09:42:18","date_gmt":"2023-02-05T08:42:18","guid":{"rendered":"https:\/\/bisnu.zamaioga.com\/politica-de-privacidad\/"},"modified":"2024-11-28T16:20:22","modified_gmt":"2024-11-28T15:20:22","slug":"politica-de-privacidad","status":"publish","type":"page","link":"https:\/\/www.zamaioga.com\/es\/politica-de-privacidad\/","title":{"rendered":"POL\u00cdTICA DE PRIVACIDAD"},"content":{"rendered":"\t\t<div data-elementor-type=\"wp-page\" data-elementor-id=\"1487\" class=\"elementor elementor-1487 elementor-1479\">\n\t\t\t\t\t\t<section class=\"elementor-section elementor-top-section elementor-element elementor-element-d3565c0 elementor-section-boxed elementor-section-height-default elementor-section-height-default\" data-id=\"d3565c0\" data-element_type=\"section\" data-e-type=\"section\">\n\t\t\t\t\t\t<div class=\"elementor-container elementor-column-gap-default\">\n\t\t\t\t\t<div class=\"elementor-column elementor-col-100 elementor-top-column elementor-element elementor-element-5a1f18d\" data-id=\"5a1f18d\" data-element_type=\"column\" data-e-type=\"column\">\n\t\t\t<div class=\"elementor-widget-wrap elementor-element-populated\">\n\t\t\t\t\t\t<div class=\"elementor-element elementor-element-2805df0 elementor-widget elementor-widget-text-editor\" data-id=\"2805df0\" data-element_type=\"widget\" data-e-type=\"widget\" data-widget_type=\"text-editor.default\">\n\t\t\t\t\t\t\t\t\t\n<h1 class=\"western\" lang=\"es-ES\"><strong><span style=\"color: #a69260;\"><span style=\"font-family: Quicksand, serif;\"><span style=\"font-size: large;\">POL\u00cdTICA DE PRIVACIDAD<\/span><\/span><\/span><\/strong><\/h1>\n<p class=\"western\" lang=\"es-ES\"><span style=\"color: #a69260;\"><span style=\"font-family: Quicksand, serif;\">Esta es la pol\u00edtica de privacidad\u00a0del Centro Zama de yoga IYENGAR\u00ae de Barcelona les Corts, <a style=\"color: #a69260;\" href=\"https:\/\/www.zamaioga.com\/\">zamaioga.com<\/a> <\/span><\/span><\/p>\n<p class=\"western\" lang=\"es-ES\"><span style=\"color: #a69260;\"><span style=\"font-family: Quicksand, serif;\">Pol\u00edtica de\u00a0privacidad revisada y actualizada el 2018.<\/span><\/span><\/p>\n<p class=\"western\" lang=\"es-ES\"><span style=\"color: #a69260;\"><span style=\"font-family: Quicksand, serif;\">En esta declaraci\u00f3n de privacidad te explicamos cuales son los datos personales que se recopilan de nuestros usuarios y la raz\u00f3n de dicha recopilaci\u00f3n, de acuerdo con las exigencias de la Ley Org\u00e1nica 15\/1999, de 13 de diciembre, de Protecci\u00f3n de Datos de Car\u00e1cter Personal (LOPD), y al Real Decreto 1720\/2007, de 21 de diciembre, conocido como el Reglamento de desarrollo de la LOPD. Cumple tambi\u00e9n con el Reglamento (UE) 2016\/679 del Parlamento Europeo y del Consejo de 27 de abril de 2016 relativo a la protecci\u00f3n de las personas f\u00edsicas (RGPD), as\u00ed como con la Ley 34\/2002, de 11 de julio, de Servicios de la Sociedad de la Informaci\u00f3n y Comercio Electr\u00f3nico (LSSICE o LSSI).<\/span><\/span><\/p>\n<p class=\"western\" lang=\"es-ES\"><span style=\"color: #a69260;\"><span style=\"font-family: Quicksand, serif;\">Lee detenidamente esta informaci\u00f3n antes de facilitar tus datos personales a nuestra web.<\/span><\/span><\/p>\n<p class=\"western\" lang=\"es-ES\"><span style=\"color: #a69260;\"><span style=\"font-family: Quicksand, serif;\">Tu informaci\u00f3n personal nunca se compartir\u00e1 con nadie, excepto para cumplir con la ley o en caso de que cuente con tu autorizaci\u00f3n expresa.<\/span><\/span><\/p>\n<p class=\"western\" lang=\"es-ES\"><span style=\"color: #a69260;\"><span style=\"font-family: Quicksand, serif;\">Tus datos personales nunca ser\u00e1n utilizados con una finalidad diferente a la expresada en esta pol\u00edtica de privacidad.<\/span><\/span><\/p>\n<p class=\"western\" lang=\"es-ES\"><span style=\"color: #a69260;\"><span style=\"font-family: Quicksand, serif;\">Los menores de quince a\u00f1os requieren el consentimiento previo de los padres o tutores para el tratamiento de sus datos personales.<\/span><\/span><\/p>\n<p class=\"western\" lang=\"es-ES\"><span style=\"color: #a69260;\">\u00a0<\/span><\/p>\n<p class=\"western\" lang=\"es-ES\"><strong><span style=\"color: #a69260;\"><span style=\"font-family: Quicksand, serif;\"><span style=\"font-size: large;\">1. INFORMACI\u00d3N RECOLECTADA<\/span><\/span><\/span><\/strong><\/p>\n<p class=\"western\" lang=\"es-ES\"><span style=\"color: #a69260;\"><span style=\"font-family: Quicksand, serif;\">Recolectamos informaci\u00f3n de ti cuando te subscribes a nuestra p\u00e1gina web, te suscribes a nuestro bolet\u00edn, rellenas alg\u00fan formulario.<\/span><\/span><\/p>\n<p class=\"western\" lang=\"es-ES\"><span style=\"color: #a69260;\"><span style=\"font-family: Quicksand, serif;\">Cuando accedes o te registras en nuestro sitio, se te pedir\u00e1: tu nombre y direcci\u00f3n de email. Sin embargo, puedes visitar nuestro sitio de manera an\u00f3nima.<\/span><\/span><\/p>\n<p class=\"western\" lang=\"es-ES\"><span style=\"color: #a69260;\"><span style=\"font-family: Quicksand, serif;\">Dentro de este sitio puedes encontrar p\u00e1ginas, promociones, tiendas virtuales, encuestas, patrocinadores, publicistas, contratistas y\/o socios y servicios comerciales, en conjunto con otros servicios compartidos, propios o con terceros\u00a0(\u201d Sitios de terceros\u201d) que te podr\u00e1n solicitar informaci\u00f3n.<\/span><\/span><\/p>\n<p class=\"western\" lang=\"es-ES\"><span style=\"color: #a69260;\"><span style=\"font-family: Quicksand, serif;\">La informaci\u00f3n que proporciones en los\u00a0Sitios\u00a0de\u00a0terceros\u00a0est\u00e1 sujeta a las pol\u00edticas de privacidad o leyendas de responsabilidad de informaci\u00f3n que se desplieguen en dichos sitios y\u00a0no estar\u00e1 sujeta a esta pol\u00edtica de privacidad. Por lo que recomendamos ampliamente a los usuarios a revisar detalladamente las pol\u00edticas de privacidad que se desplieguen en los\u00a0Sitios\u00a0de\u00a0terceros.<\/span><\/span><\/p>\n<p class=\"western\" lang=\"es-ES\"><span style=\"color: #a69260;\"><span style=\"font-family: Quicksand, serif;\">Es preciso advertirte de que esta Pol\u00edtica de Privacidad podr\u00eda variar\u00a0en funci\u00f3n de exigencias legislativas o de autorregulaci\u00f3n,\u00a0por lo que te aconsejo que visites peri\u00f3dicamente esta p\u00e1gina para futuras actualizaciones (arriba tienes la fecha de actualizaci\u00f3n del documento).<\/span><\/span><\/p>\n<p class=\"western\" lang=\"es-ES\"><strong><span style=\"color: #a69260;\"><span style=\"font-family: Quicksand, serif;\"><span style=\"font-size: large;\">2. RESPONSABLE DEL TRATAMIENTO DE TUS DATOS PERSONALES<\/span><\/span><\/span><\/strong><\/p>\n\n<ul>\n \t<li>\n<p class=\"western\" lang=\"es-ES\"><span style=\"color: #a69260;\"><span style=\"font-family: Quicksand, serif;\">Nombre de la Empresa: Centro Zama de yoga IYENGAR\u00ae de Barcelona les Corts<\/span><\/span><\/p>\n<\/li>\n \t<li>\n<p class=\"western\" lang=\"es-ES\"><span style=\"color: #a69260;\"><span style=\"font-family: Quicksand, serif;\">Identidad del responsable de Centro Zama de yoga IYENGAR\u00ae de Barcelona les Corts: Laia Giralt Medir<\/span><\/span><\/p>\n<\/li>\n \t<li>\n<p class=\"western\" lang=\"es-ES\"><span style=\"color: #a69260;\"><span style=\"font-family: Quicksand, serif;\">Domicilio social: Gran V\u00eda Carles III, 50-52, escala i, local 1. Barcelona 08028<\/span><\/span><\/p>\n<\/li>\n \t<li>\n<p class=\"western\" lang=\"es-ES\"><span style=\"color: #a69260;\"><span style=\"font-family: Quicksand, serif;\">Correo electr\u00f3nico: info@zamaioga.com<\/span><\/span><\/p>\n<\/li>\n \t<li>\n<p class=\"western\" lang=\"es-ES\"><span style=\"color: #a69260;\"><span style=\"font-family: Quicksand, serif;\">Actividad: Centro de yoga IYENGAR\u00ae.<\/span><\/span><\/p>\n<\/li>\n<\/ul>\n<p class=\"western\" lang=\"es-ES\"><span style=\"color: #a69260;\"><span style=\"font-family: Quicksand, serif;\">A efectos de lo previsto en el Reglamento General de Protecci\u00f3n de Datos, los datos personales que nos envi\u00e9is a trav\u00e9s de los formularios de esta web recibir\u00e1n el tratamiento de datos de\u00a0\u201cUsuarios del blog y suscriptores\u201d.<\/span><\/span><\/p>\n<p class=\"western\" lang=\"es-ES\"><span style=\"color: #a69260;\"><span style=\"font-family: Quicksand, serif;\">La utilizaci\u00f3n del sitio implica su aceptaci\u00f3n plena y sin reservas a todas y cada una de las disposiciones incluidas en este Aviso Legal, por lo que,\u00a0si no est\u00e1s de acuerdo\u00a0con cualquiera de las condiciones aqu\u00ed establecidas,\u00a0no accedas a este sitio.<\/span><\/span><\/p>\n<p class=\"western\" lang=\"es-ES\"><strong><span style=\"color: #a69260;\"><span style=\"font-family: Quicksand, serif;\"><span style=\"font-size: large;\">3. FINALIDAD DE RECOLECCI\u00d3N DE DATOS<\/span><\/span><\/span><\/strong><\/p>\n<p class=\"western\" lang=\"es-ES\"><span style=\"color: #a69260;\"><span style=\"font-family: Quicksand, serif;\">Cuando te conectas a esta web para comentar un post, mandar un correo, suscribirte o realizar alguna contrataci\u00f3n, facilitas informaci\u00f3n de car\u00e1cter personal de la que es responsable\u00a0zamaioga.com <\/span><\/span><\/p>\n<p class=\"western\" lang=\"es-ES\"><span style=\"color: #a69260;\"><span style=\"font-family: Quicksand, serif;\">Esa informaci\u00f3n puede incluir datos de car\u00e1cter personal como pueden ser:<\/span><\/span><\/p>\n\n<ul>\n \t<li>\n<p class=\"western\" lang=\"es-ES\"><span style=\"color: #a69260;\"><span style=\"font-family: Quicksand, serif;\">Tu direcci\u00f3n IP,<\/span><\/span><\/p>\n<\/li>\n \t<li>\n<p class=\"western\" lang=\"es-ES\"><span style=\"color: #a69260;\"><span style=\"font-family: Quicksand, serif;\">Nombre,<\/span><\/span><\/p>\n<\/li>\n \t<li>\n<p class=\"western\" lang=\"es-ES\"><span style=\"color: #a69260;\"><span style=\"font-family: Quicksand, serif;\">Direcci\u00f3n de correo electr\u00f3nico,<\/span><\/span><\/p>\n<\/li>\n<\/ul>\n<p class=\"western\" lang=\"es-ES\"><span style=\"color: #a69260;\"><span style=\"font-family: Quicksand, serif;\">Al facilitar esta informaci\u00f3n mediante, das tu consentimiento para que la informaci\u00f3n sea recopilada, utilizada, gestionada y almacenada por\u00a0https:\/\/www.zamaioga.com, \u00fanicamente como se describe en el\u00a0<a style=\"color: #a69260;\" href=\"https:\/\/posicionamiento-web-barcelona.com\/aviso-legal\">Aviso Legal<\/a>\u00a0y en la presente Pol\u00edtica de Privacidad.<\/span><\/span><\/p>\n<p class=\"western\" lang=\"es-ES\"><span style=\"color: #a69260;\"><span style=\"font-family: Quicksand, serif;\">Adem\u00e1s, existen otras finalidades por las que tratamos tus datos personales:<\/span><\/span><\/p>\n<p class=\"western\" lang=\"es-ES\"><span style=\"color: #a69260;\"><span style=\"font-family: Quicksand, serif;\">Para garantizar el cumplimiento de las condiciones de uso y la ley aplicable. Esto puede incluir el desarrollo de herramientas y algoritmos que ayudan a esta web a garantizar la confidencialidad de los datos personales que recoge.<\/span><\/span><\/p>\n<p class=\"western\" lang=\"es-ES\"><span style=\"color: #a69260;\"><span style=\"font-family: Quicksand, serif;\">Para apoyar y mejorar los servicios que ofrece esta web.<\/span><\/span><\/p>\n<p class=\"western\" lang=\"es-ES\"><span style=\"color: #a69260;\"><span style=\"font-family: Quicksand, serif;\">Tambi\u00e9n se recogen otros datos no identificativos que se obtienen mediante algunas cookies que se descargan en el ordenador del usuario cuando navega en esta web que detallo en la\u00a0pol\u00edtica de cookies.<\/span><\/span><\/p>\n<p class=\"western\" lang=\"es-ES\"><span style=\"color: #a69260;\"><span style=\"font-family: Quicksand, serif;\">Para gestionar las redes sociales.\u00a0El tratamiento de los datos que se lleve a cabo de las personas que se hagan seguidoras en las redes sociales de nuestras p\u00e1ginas\u00a0se regir\u00e1 por las condiciones de uso, pol\u00edticas de privacidad y normativas de acceso que pertenezcan a la red social que proceda en cada caso.<\/span><\/span><\/p>\n<p class=\"western\" lang=\"es-ES\"><span style=\"color: #a69260;\"><span style=\"font-family: Quicksand, serif;\">No vendemos, alquilamos ni cedemos datos de car\u00e1cter personal a terceros que puedan identificar al usuario, ni se har\u00e1 en el futuro, sin consentimiento previo.<\/span><\/span><\/p>\n<p class=\"western\" lang=\"es-ES\"><strong><span style=\"color: #a69260;\"><span style=\"font-family: Quicksand, serif;\"><span style=\"font-size: large;\">4. LEGITIMACI\u00d3N PARA EL TRATAMIENTO DE TUS DATOS<\/span><\/span><\/span><\/strong><\/p>\n<p class=\"western\" lang=\"es-ES\"><span style=\"color: #a69260;\"><span style=\"font-family: Quicksand, serif;\">La base legal para el tratamiento de sus datos es:\u00a0el consentimiento.<\/span><\/span><\/p>\n<p class=\"western\" lang=\"es-ES\"><span style=\"color: #a69260;\"><span style=\"font-family: Quicksand, serif;\">Para contactar o realizar comentarios en esta web se requiere el consentimiento con esta pol\u00edtica de privacidad.<\/span><\/span><\/p>\n<p class=\"western\" lang=\"es-ES\"><span style=\"color: #a69260;\"><span style=\"font-family: Quicksand, serif;\"><span style=\"font-size: large;\">5. \u00bfCU\u00c1NTO TIEMPO CONSERVAREMOS TUS DATOS?<\/span><\/span><\/span><\/p>\n<p class=\"western\" lang=\"es-ES\"><span style=\"color: #a69260;\"><span style=\"font-family: Quicksand, serif;\">Los datos personales proporcionados se conservar\u00e1n mientras que no se solicite su supresi\u00f3n por el interesado.<\/span><\/span><\/p>\n<p class=\"western\" lang=\"es-ES\"><span style=\"color: #a69260;\"><span style=\"font-family: Quicksand, serif;\"><span style=\"font-size: large;\">6. REMARKETING<\/span><\/span><\/span><\/p>\n<p class=\"western\" lang=\"es-ES\"><span style=\"color: #a69260;\"><span style=\"font-family: Quicksand, serif;\">La funci\u00f3n de remarketing nos permite llegar a las personas que hayan visitado\u00a0anteriormente y asociar una audiencia determinada a un mensaje concreto.<\/span><\/span><\/p>\n<p class=\"western\" lang=\"es-ES\"><span style=\"color: #a69260;\"><span style=\"font-family: Quicksand, serif;\">El remarketing es un m\u00e9todo para conseguir que los usuarios que han visitado nuestro sitio vuelvan a hacerlo.<\/span><\/span><\/p>\n<p class=\"western\" lang=\"es-ES\"><span style=\"color: #a69260;\"><span style=\"font-family: Quicksand, serif;\">Se podr\u00e1 asimismo recopilar informaci\u00f3n para esta funci\u00f3n de remarketing, con el objetivo se\u00f1alado.<\/span><\/span><\/p>\n<p class=\"western\" lang=\"es-ES\"><strong><span style=\"color: #a69260;\"><span style=\"font-family: Quicksand, serif;\"><span style=\"font-size: large;\">7. SERVICIOS OFRECIDOS POR TERCEROS EN ESTA WEB.<\/span><\/span><\/span><\/strong><\/p>\n<p class=\"western\" lang=\"es-ES\"><span style=\"color: #a69260;\"><span style=\"font-family: Quicksand, serif;\">Para prestar servicios necesarios para el desarrollo de su actividad,\u00a0<a style=\"color: #a69260;\" href=\"https:\/\/www.zamaioga.com\/\">https:\/\/www.zamaioga.com<\/a> utiliza herramientas gestionadas por terceros bajo sus correspondientes condiciones de privacidad:<\/span><\/span><\/p>\n\n<ul>\n \t<li>\n<p class=\"western\" lang=\"es-ES\"><span style=\"color: #a69260;\"><span style=\"font-family: Quicksand, serif;\"><a style=\"color: #a69260;\" href=\"https:\/\/analytics.google.com\/analytics\/web\" target=\"_blank\" rel=\"noopener\">Google Analytics<\/a>:\u00a0un servicio anal\u00edtico de web que utiliza \u201ccookies\u201d, (archivos de texto ubicados en tu ordenador), para ayudar a\u00a0https:\/\/posicionamiento-web-barcelona.com a: analizar el uso que hacen los usuarios de nuestro sitio web, analizar tendencias, administrar el sitio, rastrear los movimientos de los usuarios alrededor del sitio y para recopilar informaci\u00f3n demogr\u00e1fica sobre nuestra base de usuarios en su conjunto.\u00a0<a style=\"color: #a69260;\" href=\"https:\/\/support.google.com\/analytics\/answer\/6004245?hl=es\" target=\"_blank\" rel=\"noopener\">Aqu\u00ed<\/a>\u00a0puedes ver informaci\u00f3n de su pol\u00edtica de datos y tambi\u00e9n de su\u00a0<a style=\"color: #a69260;\" href=\"https:\/\/policies.google.com\/privacy?hl=es&amp;gl=ZZ\">pol\u00edtica de privacidad<\/a>\u00a0para todos los productos de google.<\/span><\/span><\/p>\n<\/li>\n \t<li>\n<p class=\"western\" lang=\"es-ES\"><span style=\"color: #a69260;\"><span style=\"font-family: Quicksand, serif;\"><a style=\"color: #a69260;\" href=\"https:\/\/www.google.com\/intl\/es_es\/adsense\/start\/\" target=\"_blank\" rel=\"noopener\">Google Adsense<\/a>: Servicio de recopilaci\u00f3n de informaci\u00f3n con el objeto de ofrecer al usuario una personalizaci\u00f3n m\u00e1s \u00fatil de la publicidad ofrecida. Mira la pol\u00edtica de\u00a0<a style=\"color: #a69260;\" href=\"https:\/\/support.google.com\/adsense\/answer\/48182?hl=es\" target=\"_blank\" rel=\"noopener\">privacidad de google adsense<\/a>\u00a0en el enlace anterior.<\/span><\/span><\/p>\n<\/li>\n \t<li>\n<p class=\"western\" lang=\"es-ES\"><span style=\"color: #a69260;\"><span style=\"font-family: Quicksand, serif;\">Hosting:\u00a0Brutalsys. Consulta\u00a0<a style=\"color: #a69260;\" href=\"https:\/\/www.brutalsys.com\/privacidad\/\" target=\"_blank\" rel=\"noopener\">aqu\u00ed<\/a>\u00a0la pol\u00edtica de\u00a0privacidad de Brutalsys.<\/span><\/span><\/p>\n<\/li>\n \t<li>\n<p class=\"western\" lang=\"es-ES\"><span style=\"color: #a69260;\"><span style=\"font-family: Quicksand, serif;\">Plataforma web:<a style=\"color: #a69260;\" href=\"https:\/\/es.wordpress.com\/\" target=\"_blank\" rel=\"noopener\">\u00a0WordPress<\/a><\/span><\/span><\/p>\n<\/li>\n \t<li>\n<p class=\"western\" lang=\"es-ES\"><span style=\"color: #a69260;\"><span style=\"font-family: Quicksand, serif;\">Email marketing:\u00a0No hacemos email marketing actualmente.<\/span><\/span><\/p>\n<\/li>\n<\/ul>\n<p class=\"western\" lang=\"es-ES\"><strong><span style=\"color: #a69260;\"><span style=\"font-family: Quicksand, serif;\"><span style=\"font-size: large;\">8. DERECHOS ARCO: ACCESO, RECTIFICACI\u00d3N, CANCELACI\u00d3N Y OPOSICI\u00d3N<\/span><\/span><\/span><\/strong><\/p>\n<p class=\"western\" lang=\"es-ES\"><span style=\"color: #a69260;\"><span style=\"font-family: Quicksand, serif;\">Aquellas personas f\u00edsicas que hayan facilitado sus datos a trav\u00e9s de la\u00a0web\u00a0https:\/\/www.zamaioga.com, podr\u00e1n dirigirse al titular de esta con el fin de poder ejercitar gratuitamente sus derechos de acceso, rectificaci\u00f3n, cancelaci\u00f3n y oposici\u00f3n respecto de los datos incorporados en sus ficheros.<\/span><\/span><\/p>\n<p class=\"western\" lang=\"es-ES\"><span style=\"color: #a69260;\"><span style=\"font-family: Quicksand, serif;\">El interesado podr\u00e1 ejercitar sus derechos a trav\u00e9s del correo electr\u00f3nico:\u00a0<a style=\"color: #a69260;\" href=\"mailto:info@zamaioga.com%C2%A0\">info@zamaioga.com<\/a><\/span><a style=\"color: #a69260;\" href=\"mailto:info@zamaioga.com%C2%A0\">\u00a0<\/a><span style=\"font-family: Quicksand, serif;\"> con la referencia\u00a0\u201cProtecci\u00f3n de datos\u201d, especificando sus datos, acreditando su identidad y los motivos de su solicitud.<\/span><\/span><\/p>\n<p class=\"western\" lang=\"es-ES\"><\/p>\t\t\t\t\t\t\t\t<\/div>\n\t\t\t\t\t<\/div>\n\t\t<\/div>\n\t\t\t\t\t<\/div>\n\t\t<\/section>\n\t\t\t\t<\/div>\n\t\t","protected":false},"excerpt":{"rendered":"<p>POL\u00cdTICA DE PRIVACIDAD Esta es la pol\u00edtica de privacidad\u00a0del Centro Zama de yoga IYENGAR\u00ae de Barcelona les Corts, zamaioga.com Pol\u00edtica de\u00a0privacidad revisada y actualizada el 2018. En esta declaraci\u00f3n de privacidad te explicamos cuales son los datos personales que se recopilan de nuestros usuarios y la raz\u00f3n de dicha recopilaci\u00f3n, de acuerdo con las exigencias [&hellip;]<\/p>\n","protected":false},"author":1,"featured_media":0,"parent":0,"menu_order":0,"comment_status":"closed","ping_status":"closed","template":"","meta":{"site-sidebar-layout":"no-sidebar","site-content-layout":"page-builder","ast-site-content-layout":"full-width-container","site-content-style":"unboxed","site-sidebar-style":"unboxed","ast-global-header-display":"","ast-banner-title-visibility":"","ast-main-header-display":"","ast-hfb-above-header-display":"","ast-hfb-below-header-display":"","ast-hfb-mobile-header-display":"","site-post-title":"disabled","ast-breadcrumbs-content":"","ast-featured-img":"disabled","footer-sml-layout":"","ast-disable-related-posts":"","theme-transparent-header-meta":"","adv-header-id-meta":"","stick-header-meta":"","header-above-stick-meta":"","header-main-stick-meta":"","header-below-stick-meta":"","astra-migrate-meta-layouts":"set","ast-page-background-enabled":"default","ast-page-background-meta":{"desktop":{"background-color":"var(--ast-global-color-4)","background-image":"","background-repeat":"repeat","background-position":"center center","background-size":"auto","background-attachment":"scroll","background-type":"","background-media":"","overlay-type":"","overlay-color":"","overlay-opacity":"","overlay-gradient":""},"tablet":{"background-color":"","background-image":"","background-repeat":"repeat","background-position":"center center","background-size":"auto","background-attachment":"scroll","background-type":"","background-media":"","overlay-type":"","overlay-color":"","overlay-opacity":"","overlay-gradient":""},"mobile":{"background-color":"","background-image":"","background-repeat":"repeat","background-position":"center center","background-size":"auto","background-attachment":"scroll","background-type":"","background-media":"","overlay-type":"","overlay-color":"","overlay-opacity":"","overlay-gradient":""}},"ast-content-background-meta":{"desktop":{"background-color":"var(--ast-global-color-5)","background-image":"","background-repeat":"repeat","background-position":"center center","background-size":"auto","background-attachment":"scroll","background-type":"","background-media":"","overlay-type":"","overlay-color":"","overlay-opacity":"","overlay-gradient":""},"tablet":{"background-color":"var(--ast-global-color-5)","background-image":"","background-repeat":"repeat","background-position":"center center","background-size":"auto","background-attachment":"scroll","background-type":"","background-media":"","overlay-type":"","overlay-color":"","overlay-opacity":"","overlay-gradient":""},"mobile":{"background-color":"var(--ast-global-color-5)","background-image":"","background-repeat":"repeat","background-position":"center center","background-size":"auto","background-attachment":"scroll","background-type":"","background-media":"","overlay-type":"","overlay-color":"","overlay-opacity":"","overlay-gradient":""}},"_joinchat":[],"footnotes":""},"class_list":["post-1487","page","type-page","status-publish","hentry"],"_links":{"self":[{"href":"https:\/\/www.zamaioga.com\/es\/wp-json\/wp\/v2\/pages\/1487","targetHints":{"allow":["GET"]}}],"collection":[{"href":"https:\/\/www.zamaioga.com\/es\/wp-json\/wp\/v2\/pages"}],"about":[{"href":"https:\/\/www.zamaioga.com\/es\/wp-json\/wp\/v2\/types\/page"}],"author":[{"embeddable":true,"href":"https:\/\/www.zamaioga.com\/es\/wp-json\/wp\/v2\/users\/1"}],"replies":[{"embeddable":true,"href":"https:\/\/www.zamaioga.com\/es\/wp-json\/wp\/v2\/comments?post=1487"}],"version-history":[{"count":0,"href":"https:\/\/www.zamaioga.com\/es\/wp-json\/wp\/v2\/pages\/1487\/revisions"}],"wp:attachment":[{"href":"https:\/\/www.zamaioga.com\/es\/wp-json\/wp\/v2\/media?parent=1487"}],"curies":[{"name":"wp","href":"https:\/\/api.w.org\/{rel}","templated":true}]}}