{"id":541,"date":"2023-01-26T07:47:57","date_gmt":"2023-01-26T06:47:57","guid":{"rendered":"https:\/\/bisnu.zamaioga.com\/yoga-para-ninos\/"},"modified":"2024-05-22T08:16:32","modified_gmt":"2024-05-22T07:16:32","slug":"yoga-para-ninos","status":"publish","type":"page","link":"https:\/\/www.zamaioga.com\/es\/yoga-para-ninos\/","title":{"rendered":"Yoga para ni\u00f1os"},"content":{"rendered":"\t\t<div data-elementor-type=\"wp-page\" data-elementor-id=\"541\" class=\"elementor elementor-541 elementor-528\">\n\t\t\t\t\t\t<section class=\"elementor-section elementor-top-section elementor-element elementor-element-f4140ef elementor-section-full_width elementor-section-stretched elementor-section-height-default elementor-section-height-default\" data-id=\"f4140ef\" data-element_type=\"section\" data-e-type=\"section\" data-settings=\"{&quot;stretch_section&quot;:&quot;section-stretched&quot;}\">\n\t\t\t\t\t\t<div class=\"elementor-container elementor-column-gap-default\">\n\t\t\t\t\t<div class=\"elementor-column elementor-col-100 elementor-top-column elementor-element elementor-element-dc9f78c\" data-id=\"dc9f78c\" data-element_type=\"column\" data-e-type=\"column\">\n\t\t\t<div class=\"elementor-widget-wrap elementor-element-populated\">\n\t\t\t\t\t\t<div class=\"elementor-element elementor-element-82ec655 elementor-hidden-desktop elementor-widget elementor-widget-image\" data-id=\"82ec655\" data-element_type=\"widget\" data-e-type=\"widget\" data-widget_type=\"image.default\">\n\t\t\t\t\t\t\t\t\t\t\t\t\t\t\t<img decoding=\"async\" width=\"1919\" height=\"1338\" src=\"https:\/\/www.zamaioga.com\/wp-content\/uploads\/2023\/02\/Ioga-nens.jpg\" class=\"attachment-full size-full wp-image-2061\" alt=\"Yoga IYENGAR Barcelona-Centre ZAMA IOGA IYENGAR Les Corts\" srcset=\"https:\/\/www.zamaioga.com\/wp-content\/uploads\/2023\/02\/Ioga-nens.jpg 1919w, https:\/\/www.zamaioga.com\/wp-content\/uploads\/2023\/02\/Ioga-nens-300x209.jpg 300w, https:\/\/www.zamaioga.com\/wp-content\/uploads\/2023\/02\/Ioga-nens-1024x714.jpg 1024w, https:\/\/www.zamaioga.com\/wp-content\/uploads\/2023\/02\/Ioga-nens-768x535.jpg 768w, https:\/\/www.zamaioga.com\/wp-content\/uploads\/2023\/02\/Ioga-nens-1536x1071.jpg 1536w\" sizes=\"(max-width: 1919px) 100vw, 1919px\" \/>\t\t\t\t\t\t\t\t\t\t\t\t\t\t\t<\/div>\n\t\t\t\t<div class=\"elementor-element elementor-element-1791338 elementor-hidden-tablet elementor-hidden-mobile elementor-widget elementor-widget-image\" data-id=\"1791338\" data-element_type=\"widget\" data-e-type=\"widget\" data-widget_type=\"image.default\">\n\t\t\t\t\t\t\t\t\t\t\t\t\t\t\t<img decoding=\"async\" width=\"1919\" height=\"966\" src=\"https:\/\/www.zamaioga.com\/wp-content\/uploads\/2023\/02\/Ioga-nens-desktop.webp\" class=\"attachment-full size-full wp-image-2259\" alt=\"Yoga IYENGAR Barcelona-Centre ZAMA IOGA IYENGAR Les Corts\" srcset=\"https:\/\/www.zamaioga.com\/wp-content\/uploads\/2023\/02\/Ioga-nens-desktop.webp 1919w, https:\/\/www.zamaioga.com\/wp-content\/uploads\/2023\/02\/Ioga-nens-desktop-300x151.webp 300w, https:\/\/www.zamaioga.com\/wp-content\/uploads\/2023\/02\/Ioga-nens-desktop-1024x515.webp 1024w, https:\/\/www.zamaioga.com\/wp-content\/uploads\/2023\/02\/Ioga-nens-desktop-768x387.webp 768w, https:\/\/www.zamaioga.com\/wp-content\/uploads\/2023\/02\/Ioga-nens-desktop-1536x773.webp 1536w\" sizes=\"(max-width: 1919px) 100vw, 1919px\" \/>\t\t\t\t\t\t\t\t\t\t\t\t\t\t\t<\/div>\n\t\t\t\t\t<\/div>\n\t\t<\/div>\n\t\t\t\t\t<\/div>\n\t\t<\/section>\n\t\t\t\t<section class=\"elementor-section elementor-top-section elementor-element elementor-element-2599ee3 elementor-section-content-middle elementor-section-boxed elementor-section-height-default elementor-section-height-default\" data-id=\"2599ee3\" data-element_type=\"section\" data-e-type=\"section\" data-settings=\"{&quot;background_background&quot;:&quot;classic&quot;}\">\n\t\t\t\t\t\t<div class=\"elementor-container elementor-column-gap-default\">\n\t\t\t\t\t<div class=\"elementor-column elementor-col-100 elementor-top-column elementor-element elementor-element-7b8319c\" data-id=\"7b8319c\" data-element_type=\"column\" data-e-type=\"column\">\n\t\t\t<div class=\"elementor-widget-wrap elementor-element-populated\">\n\t\t\t\t\t\t<div class=\"elementor-element elementor-element-1d166c8 elementor-widget elementor-widget-heading\" data-id=\"1d166c8\" data-element_type=\"widget\" data-e-type=\"widget\" data-widget_type=\"heading.default\">\n\t\t\t\t\t<h2 class=\"elementor-heading-title elementor-size-default\">El <strong>yoga<\/strong> tiene por <strong>objetivo<\/strong> la<br>\n <strong>conciencia completa<\/strong> en <strong>todo<\/strong> lo que hagas.<br>\n<i>B.K.S Iyengar<\/i><\/h2>\t\t\t\t<\/div>\n\t\t\t\t\t<\/div>\n\t\t<\/div>\n\t\t\t\t\t<\/div>\n\t\t<\/section>\n\t\t\t\t<section class=\"elementor-section elementor-top-section elementor-element elementor-element-768f9ee elementor-section-boxed elementor-section-height-default elementor-section-height-default\" data-id=\"768f9ee\" data-element_type=\"section\" data-e-type=\"section\">\n\t\t\t\t\t\t<div class=\"elementor-container elementor-column-gap-default\">\n\t\t\t\t\t<div class=\"elementor-column elementor-col-100 elementor-top-column elementor-element elementor-element-62d7221\" data-id=\"62d7221\" data-element_type=\"column\" data-e-type=\"column\">\n\t\t\t<div class=\"elementor-widget-wrap elementor-element-populated\">\n\t\t\t\t\t\t<div class=\"elementor-element elementor-element-9b391b1 elementor-widget elementor-widget-heading\" data-id=\"9b391b1\" data-element_type=\"widget\" data-e-type=\"widget\" data-widget_type=\"heading.default\">\n\t\t\t\t\t<h1 class=\"elementor-heading-title elementor-size-default\">YOGA IYENGAR\u00ae PARA NI\u00d1OS EN BARCELONA<\/h1>\t\t\t\t<\/div>\n\t\t\t\t<div class=\"elementor-element elementor-element-16a96fd elementor-widget elementor-widget-text-editor\" data-id=\"16a96fd\" data-element_type=\"widget\" data-e-type=\"widget\" data-widget_type=\"text-editor.default\">\n\t\t\t\t\t\t\t\t\t<p>En nuestro <strong>Centro Zama de yoga IYENGAR\u00ae de Barcelona Les Corts<\/strong> tenemos <strong>ni\u00f1os y ni\u00f1as<\/strong> que vienen a <strong>practicar yoga IYENGAR\u00ae<\/strong> en nuestras <strong>clases de yoga para ni\u00f1os en Barcelona.<\/strong><\/p>\n<p>Aceptamos en las clases a ni\u00f1os y ni\u00f1as <strong>a partir de los 10 a\u00f1os en adelante<\/strong> . Si nunca han hecho yoga comienzan por el nivel principiante, nivel 1-2 o nivel 1-2&#8242; de nuestra <span style=\"text-decoration: underline; color: #a69260;\"><a style=\"color: #a69260; text-decoration: underline;\" href=\"https:\/\/www.zamaioga.com\/es\/horarios-y-cuotas\/\" target=\"_blank\" rel=\"noopener\">tabla de horarios<\/a><\/span>.<\/p>\n<p>La <strong>pr\u00e1ctica del yoga IYENGAR\u00ae<\/strong> hace a los <strong>ni\u00f1os y ni\u00f1as mejores<\/strong> en todo lo que hacen. Mejores personas, <strong>mejores estudiantes, mejores deportistas, mejores bailarines<\/strong> , etc. La pr\u00e1ctica de las diferentes <strong>\u00e1sanas<\/strong> (posturas) les aporta <strong>inteligencia<\/strong> a todas las c\u00e9lulas del cuerpo, mejor capacidad de <strong>concentraci\u00f3n y discernimiento, intuici\u00f3n<\/strong> y mayor destreza en todas las acciones que realizan en su vida.<\/p>\n<p><strong>Los ni\u00f1os y ni\u00f1as<\/strong> son a veces hiperactivos, o tienen dificultades de concentraci\u00f3n o falta de motivaci\u00f3n e inter\u00e9s, pero la <strong>pr\u00e1ctica del yoga IYENGAR\u00ae les aporta muchos beneficios.<\/strong><\/p>\n<p>Algunos de los <strong>beneficios del yoga para ni\u00f1os<\/strong> son: <strong>agilidad, conciencia<\/strong> en la acci\u00f3n, <strong>atenci\u00f3n, concentraci\u00f3n, canalizaci\u00f3n de la energ\u00eda, relajaci\u00f3n, expansi\u00f3n de la conciencia, alegr\u00eda, positivismo<\/strong> y una actitud m\u00e1s <strong>\u00e9tica y compasiva.<\/strong><\/p>\n<p><span style=\"color: #a69260;\"><a style=\"color: #a69260;\" href=\"https:\/\/www.zamaioga.com\/es\/contacto\/\" target=\"_blank\" rel=\"noopener\">Cont\u00e1ctanos<\/a><\/span> si est\u00e1s interesado\/a en que tu hijo o hija practiquen yoga.<\/p>\t\t\t\t\t\t\t\t<\/div>\n\t\t\t\t\t<\/div>\n\t\t<\/div>\n\t\t\t\t\t<\/div>\n\t\t<\/section>\n\t\t\t\t<section class=\"elementor-section elementor-top-section elementor-element elementor-element-d5fa8fc elementor-section-boxed elementor-section-height-default elementor-section-height-default\" data-id=\"d5fa8fc\" data-element_type=\"section\" data-e-type=\"section\" data-settings=\"{&quot;background_background&quot;:&quot;classic&quot;}\">\n\t\t\t\t\t\t<div class=\"elementor-container elementor-column-gap-default\">\n\t\t\t\t\t<div class=\"elementor-column elementor-col-100 elementor-top-column elementor-element elementor-element-2e0dc5b\" data-id=\"2e0dc5b\" data-element_type=\"column\" data-e-type=\"column\">\n\t\t\t<div class=\"elementor-widget-wrap elementor-element-populated\">\n\t\t\t\t\t\t<div class=\"elementor-element elementor-element-b1db249 elementor-widget elementor-widget-heading\" data-id=\"b1db249\" data-element_type=\"widget\" data-e-type=\"widget\" data-widget_type=\"heading.default\">\n\t\t\t\t\t<h2 class=\"elementor-heading-title elementor-size-default\">Preguntas frecuentes<\/h2>\t\t\t\t<\/div>\n\t\t\t\t<div class=\"elementor-element elementor-element-b65b873 elementor-widget elementor-widget-shortcode\" data-id=\"b65b873\" data-element_type=\"widget\" data-e-type=\"widget\" data-widget_type=\"shortcode.default\">\n\t\t\t\t\t\t\t<div class=\"elementor-shortcode\"><style>#sp-ea-1935 .spcollapsing { height: 0; overflow: hidden; transition-property: height;transition-duration: 300ms;}#sp-ea-1935.sp-easy-accordion>.sp-ea-single {margin-bottom: 10px; border: 1px solid #e2e2e2; }#sp-ea-1935.sp-easy-accordion>.sp-ea-single>.ea-header a {color: #444;}#sp-ea-1935.sp-easy-accordion>.sp-ea-single>.sp-collapse>.ea-body {background: #fff; color: #444;}#sp-ea-1935.sp-easy-accordion>.sp-ea-single {background: #eee;}#sp-ea-1935.sp-easy-accordion>.sp-ea-single>.ea-header a .ea-expand-icon { float: right; color: #444;font-size: 16px;}#sp-ea-1935.sp-easy-accordion>.sp-ea-single>.ea-header a .ea-expand-icon {margin-right: 0;}.sp-easy-accordion>.sp-ea-single {\r\n    background: #eee0 !important;\r\n    color: #a69260 !important;\r\n}\r\n\r\n.sp-easy-accordion>.sp-ea-single>.ea-header a {\r\n    color: #a69260 !important;\r\n}\r\n\r\n.sp-easy-accordion>.sp-ea-single>.ea-header a .ea-expand-icon.fa {\r\n    color: #a69260 !important;\r\n}\r\n\r\n\r\n.sp-easy-accordion>.sp-ea-single {\r\n  \tborder: none !important;\r\n    border-bottom: 1px solid #a69260 !important;\r\n    color: #a69260 !important;\r\n}\r\n\r\n.sp-easy-accordion>.sp-ea-single>.sp-collapse>.ea-body {\r\n    background: #fff0 !important;\r\n  \tcolor: #a69260 !important;\r\n}\r\n\r\n.sp-easy-accordion a{\r\n  color: #a69260 !important;\r\n}<\/style><div id=\"sp_easy_accordion-1776764963\"><div id=\"sp-ea-1935\" class=\"sp-ea-one sp-easy-accordion\" data-ea-active=\"ea-click\" data-ea-mode=\"vertical\" data-preloader=\"\" data-scroll-active-item=\"\" data-offset-to-scroll=\"0\"><div class=\"ea-card sp-ea-single\"><h3 class=\"ea-header\"><a class=\"collapsed\" id=\"ea-header-19350\" role=\"button\" data-sptoggle=\"spcollapse\" data-sptarget=\"#collapse19350\" aria-controls=\"collapse19350\" href=\"#\" aria-expanded=\"false\" tabindex=\"0\"><i aria-hidden=\"true\" role=\"presentation\" class=\"ea-expand-icon eap-icon-ea-expand-plus\"><\/i> \u00bfPuedo venir a practicar yoga con mi hijo\/a?<\/a><\/h3><div class=\"sp-collapse spcollapse spcollapse\" id=\"collapse19350\" data-parent=\"#sp-ea-1935\" role=\"region\" aria-labelledby=\"ea-header-19350\"> <div class=\"ea-body\"><p>S\u00ed,\u00a0<strong>puedes venir a practicar yoga con tu hijo\/a<\/strong>\u00a0en la misma clase puesto que<\/p><p><strong>individualizamos y personalizamos las clases<\/strong>.<\/p><\/div><\/div><\/div><div class=\"ea-card sp-ea-single\"><h3 class=\"ea-header\"><a class=\"collapsed\" id=\"ea-header-19351\" role=\"button\" data-sptoggle=\"spcollapse\" data-sptarget=\"#collapse19351\" aria-controls=\"collapse19351\" href=\"#\" aria-expanded=\"false\" tabindex=\"0\"><i aria-hidden=\"true\" role=\"presentation\" class=\"ea-expand-icon eap-icon-ea-expand-plus\"><\/i> \u00bfLos ni\u00f1os adolescentes pueden venir a practicar yoga en vuestra escuela de yoga en Barcelona?<\/a><\/h3><div class=\"sp-collapse spcollapse spcollapse\" id=\"collapse19351\" data-parent=\"#sp-ea-1935\" role=\"region\" aria-labelledby=\"ea-header-19351\"> <div class=\"ea-body\"><p>Aconsejamos que vengan los ni\u00f1os a <strong>practicar yoga a nuestra escuela a partir de los 10 a\u00f1os<\/strong>.<\/p><\/div><\/div><\/div><div class=\"ea-card sp-ea-single\"><h3 class=\"ea-header\"><a class=\"collapsed\" id=\"ea-header-19352\" role=\"button\" data-sptoggle=\"spcollapse\" data-sptarget=\"#collapse19352\" aria-controls=\"collapse19352\" href=\"#\" aria-expanded=\"false\" tabindex=\"0\"><i aria-hidden=\"true\" role=\"presentation\" class=\"ea-expand-icon eap-icon-ea-expand-plus\"><\/i> \u00bfLa pr\u00e1ctica del yoga ayudar\u00e1 a que mi hijo\/a est\u00e9 m\u00e1s tranquilo y relajado? <\/a><\/h3><div class=\"sp-collapse spcollapse spcollapse\" id=\"collapse19352\" data-parent=\"#sp-ea-1935\" role=\"region\" aria-labelledby=\"ea-header-19352\"> <div class=\"ea-body\"><p>La pr\u00e1ctica del <strong>yoga IYENGAR\u00ae equilibra el sistema nervioso de tu hijo\/<\/strong>a y saldr\u00e1 <strong>m\u00e1s relajado\/a de las clases de yoga<\/strong>.<\/p><\/div><\/div><\/div><div class=\"ea-card sp-ea-single\"><h3 class=\"ea-header\"><a class=\"collapsed\" id=\"ea-header-19353\" role=\"button\" data-sptoggle=\"spcollapse\" data-sptarget=\"#collapse19353\" aria-controls=\"collapse19353\" href=\"#\" aria-expanded=\"false\" tabindex=\"0\"><i aria-hidden=\"true\" role=\"presentation\" class=\"ea-expand-icon eap-icon-ea-expand-plus\"><\/i> \u00bfLa pr\u00e1ctica del yoga ayudar\u00e1 a que mi hijo\/a estudie m\u00e1s? <\/a><\/h3><div class=\"sp-collapse spcollapse spcollapse\" id=\"collapse19353\" data-parent=\"#sp-ea-1935\" role=\"region\" aria-labelledby=\"ea-header-19353\"> <div class=\"ea-body\"><p>La pr\u00e1ctica regular del <strong>yoga IYENGAR\u00ae desarrolla la capacidad de atenci\u00f3n y concentraci\u00f3n de tu hijo\/a<\/strong>. Por lo tanto, obtendr\u00e1 <strong>mejor resultados en sus estudios<\/strong> con menos esfuerzo.<\/p><p>\u00a0<\/p><\/div><\/div><\/div><div class=\"ea-card sp-ea-single\"><h3 class=\"ea-header\"><a class=\"collapsed\" id=\"ea-header-19354\" role=\"button\" data-sptoggle=\"spcollapse\" data-sptarget=\"#collapse19354\" aria-controls=\"collapse19354\" href=\"#\" aria-expanded=\"false\" tabindex=\"0\"><i aria-hidden=\"true\" role=\"presentation\" class=\"ea-expand-icon eap-icon-ea-expand-plus\"><\/i> \u00bfLa pr\u00e1ctica del yoga IYENGAR\u00ae ayudar\u00e1 a que mi hijo\/a tenga una mejor adolescencia? <\/a><\/h3><div class=\"sp-collapse spcollapse spcollapse\" id=\"collapse19354\" data-parent=\"#sp-ea-1935\" role=\"region\" aria-labelledby=\"ea-header-19354\"> <div class=\"ea-body\"><p>La pr\u00e1ctica regular del <strong>yoga IYENGAR\u00ae regula el sistema endocrino, calma el sistema nervioso y la mente<\/strong> y por tanto tendr\u00e1 <strong>una mejor adolescencia<\/strong>.<\/p><\/div><\/div><\/div><div class=\"ea-card sp-ea-single\"><h3 class=\"ea-header\"><a class=\"collapsed\" id=\"ea-header-19355\" role=\"button\" data-sptoggle=\"spcollapse\" data-sptarget=\"#collapse19355\" aria-controls=\"collapse19355\" href=\"#\" aria-expanded=\"false\" tabindex=\"0\"><i aria-hidden=\"true\" role=\"presentation\" class=\"ea-expand-icon eap-icon-ea-expand-plus\"><\/i> \u00bfLa pr\u00e1ctica del yoga IYENGAR\u00ae puede ayudar a mejorar la postura de mi hijo\/a? <\/a><\/h3><div class=\"sp-collapse spcollapse spcollapse\" id=\"collapse19355\" data-parent=\"#sp-ea-1935\" role=\"region\" aria-labelledby=\"ea-header-19355\"> <div class=\"ea-body\"><p><strong>La pr\u00e1ctica<\/strong> de todas las <strong>familias de asanas (posturas)<\/strong> realizadas <strong>con precisi\u00f3n y alineamiento reeduca la postura corporal<\/strong>.<\/p><p>\u00a0<\/p><\/div><\/div><\/div><div class=\"ea-card sp-ea-single\"><h3 class=\"ea-header\"><a class=\"collapsed\" id=\"ea-header-19356\" role=\"button\" data-sptoggle=\"spcollapse\" data-sptarget=\"#collapse19356\" aria-controls=\"collapse19356\" href=\"#\" aria-expanded=\"false\" tabindex=\"0\"><i aria-hidden=\"true\" role=\"presentation\" class=\"ea-expand-icon eap-icon-ea-expand-plus\"><\/i> \u00bfEl yoga IYENGAR\u00ae puede mejorar la escoliosis de mi hijo\/a? <\/a><\/h3><div class=\"sp-collapse spcollapse spcollapse\" id=\"collapse19356\" data-parent=\"#sp-ea-1935\" role=\"region\" aria-labelledby=\"ea-header-19356\"> <div class=\"ea-body\"><p>La pr\u00e1ctica del <strong>yoga IYENGAR\u00ae trata la escoliosis<\/strong> y evita que vaya a m\u00e1s o empeore. Aporta conciencia del estado de nuestra columna vertebral. Realizamos <strong>acciones precisas y estiramientos en ciertas posturas<\/strong> (asanas), y as\u00ed vamos <strong>alineando la columna vertebral<\/strong>.<\/p><\/div><\/div><\/div><\/div><\/div><\/div>\n\t\t\t\t\t\t<\/div>\n\t\t\t\t\t<\/div>\n\t\t<\/div>\n\t\t\t\t\t<\/div>\n\t\t<\/section>\n\t\t\t\t<\/div>\n\t\t","protected":false},"excerpt":{"rendered":"<p>El yoga tiene por objetivo la conciencia completa en todo lo que hagas. B.K.S Iyengar YOGA IYENGAR\u00ae PARA NI\u00d1OS EN BARCELONA En nuestro Centro Zama de yoga IYENGAR\u00ae de Barcelona Les Corts tenemos ni\u00f1os y ni\u00f1as que vienen a practicar yoga IYENGAR\u00ae en nuestras clases de yoga para ni\u00f1os en Barcelona. Aceptamos en las clases [&hellip;]<\/p>\n","protected":false},"author":1,"featured_media":0,"parent":0,"menu_order":0,"comment_status":"closed","ping_status":"closed","template":"","meta":{"site-sidebar-layout":"no-sidebar","site-content-layout":"page-builder","ast-site-content-layout":"default","site-content-style":"default","site-sidebar-style":"default","ast-global-header-display":"","ast-banner-title-visibility":"","ast-main-header-display":"","ast-hfb-above-header-display":"","ast-hfb-below-header-display":"","ast-hfb-mobile-header-display":"","site-post-title":"disabled","ast-breadcrumbs-content":"","ast-featured-img":"disabled","footer-sml-layout":"","ast-disable-related-posts":"","theme-transparent-header-meta":"","adv-header-id-meta":"","stick-header-meta":"","header-above-stick-meta":"","header-main-stick-meta":"","header-below-stick-meta":"","astra-migrate-meta-layouts":"default","ast-page-background-enabled":"default","ast-page-background-meta":{"desktop":{"background-color":"var(--ast-global-color-4)","background-image":"","background-repeat":"repeat","background-position":"center center","background-size":"auto","background-attachment":"scroll","background-type":"","background-media":"","overlay-type":"","overlay-color":"","overlay-opacity":"","overlay-gradient":""},"tablet":{"background-color":"","background-image":"","background-repeat":"repeat","background-position":"center center","background-size":"auto","background-attachment":"scroll","background-type":"","background-media":"","overlay-type":"","overlay-color":"","overlay-opacity":"","overlay-gradient":""},"mobile":{"background-color":"","background-image":"","background-repeat":"repeat","background-position":"center center","background-size":"auto","background-attachment":"scroll","background-type":"","background-media":"","overlay-type":"","overlay-color":"","overlay-opacity":"","overlay-gradient":""}},"ast-content-background-meta":{"desktop":{"background-color":"var(--ast-global-color-5)","background-image":"","background-repeat":"repeat","background-position":"center center","background-size":"auto","background-attachment":"scroll","background-type":"","background-media":"","overlay-type":"","overlay-color":"","overlay-opacity":"","overlay-gradient":""},"tablet":{"background-color":"var(--ast-global-color-5)","background-image":"","background-repeat":"repeat","background-position":"center center","background-size":"auto","background-attachment":"scroll","background-type":"","background-media":"","overlay-type":"","overlay-color":"","overlay-opacity":"","overlay-gradient":""},"mobile":{"background-color":"var(--ast-global-color-5)","background-image":"","background-repeat":"repeat","background-position":"center center","background-size":"auto","background-attachment":"scroll","background-type":"","background-media":"","overlay-type":"","overlay-color":"","overlay-opacity":"","overlay-gradient":""}},"_joinchat":[],"footnotes":""},"class_list":["post-541","page","type-page","status-publish","hentry"],"_links":{"self":[{"href":"https:\/\/www.zamaioga.com\/es\/wp-json\/wp\/v2\/pages\/541","targetHints":{"allow":["GET"]}}],"collection":[{"href":"https:\/\/www.zamaioga.com\/es\/wp-json\/wp\/v2\/pages"}],"about":[{"href":"https:\/\/www.zamaioga.com\/es\/wp-json\/wp\/v2\/types\/page"}],"author":[{"embeddable":true,"href":"https:\/\/www.zamaioga.com\/es\/wp-json\/wp\/v2\/users\/1"}],"replies":[{"embeddable":true,"href":"https:\/\/www.zamaioga.com\/es\/wp-json\/wp\/v2\/comments?post=541"}],"version-history":[{"count":0,"href":"https:\/\/www.zamaioga.com\/es\/wp-json\/wp\/v2\/pages\/541\/revisions"}],"wp:attachment":[{"href":"https:\/\/www.zamaioga.com\/es\/wp-json\/wp\/v2\/media?parent=541"}],"curies":[{"name":"wp","href":"https:\/\/api.w.org\/{rel}","templated":true}]}}