{"id":5718,"date":"2024-03-24T11:35:50","date_gmt":"2024-03-24T10:35:50","guid":{"rendered":"https:\/\/www.zamaioga.com\/asesoramiento-individual-online\/"},"modified":"2024-07-19T22:10:17","modified_gmt":"2024-07-19T21:10:17","slug":"asesoramiento-individual-online","status":"publish","type":"page","link":"https:\/\/www.zamaioga.com\/es\/asesoramiento-individual-online\/","title":{"rendered":"Asesoramiento individual online"},"content":{"rendered":"\t\t<div data-elementor-type=\"wp-page\" data-elementor-id=\"5718\" class=\"elementor elementor-5718 elementor-4837\">\n\t\t\t\t<div class=\"elementor-element elementor-element-d98a5d0 e-con-full e-flex e-con e-parent\" data-id=\"d98a5d0\" data-element_type=\"container\" data-e-type=\"container\">\n\t\t<div class=\"elementor-element elementor-element-ff20a06 e-con-full e-flex e-con e-child\" data-id=\"ff20a06\" data-element_type=\"container\" data-e-type=\"container\">\n\t\t\t\t<div class=\"elementor-element elementor-element-750a18a elementor-widget elementor-widget-image\" data-id=\"750a18a\" data-element_type=\"widget\" data-e-type=\"widget\" data-widget_type=\"image.default\">\n\t\t\t\t\t\t\t\t\t\t\t\t\t\t\t<img decoding=\"async\" width=\"879\" height=\"567\" src=\"https:\/\/www.zamaioga.com\/wp-content\/uploads\/2024\/03\/laia.webp\" class=\"attachment-full size-full wp-image-5199\" alt=\"laia\" srcset=\"https:\/\/www.zamaioga.com\/wp-content\/uploads\/2024\/03\/laia.webp 879w, https:\/\/www.zamaioga.com\/wp-content\/uploads\/2024\/03\/laia-300x194.webp 300w, https:\/\/www.zamaioga.com\/wp-content\/uploads\/2024\/03\/laia-768x495.webp 768w\" sizes=\"(max-width: 879px) 100vw, 879px\" \/>\t\t\t\t\t\t\t\t\t\t\t\t\t\t\t<\/div>\n\t\t\t\t<\/div>\n\t\t\t\t<\/div>\n\t\t<div class=\"elementor-element elementor-element-9fd373d e-flex e-con-boxed e-con e-parent\" data-id=\"9fd373d\" data-element_type=\"container\" data-e-type=\"container\" data-settings=\"{&quot;background_background&quot;:&quot;classic&quot;}\">\n\t\t\t\t\t<div class=\"e-con-inner\">\n\t\t<div class=\"elementor-element elementor-element-426abbd e-con-full e-flex e-con e-child\" data-id=\"426abbd\" data-element_type=\"container\" data-e-type=\"container\">\n\t\t\t\t<div class=\"elementor-element elementor-element-3d2e41c elementor-widget elementor-widget-heading\" data-id=\"3d2e41c\" data-element_type=\"widget\" data-e-type=\"widget\" data-widget_type=\"heading.default\">\n\t\t\t\t\t<h2 class=\"elementor-heading-title elementor-size-default\"><b>La pureza<\/b> est\u00e1 donde  <br>\nno hay ansiedad, ni preocupaci\u00f3n, ni pensamiento.<br>\n<small>B.K.S Iyengar<\/small><\/h2>\t\t\t\t<\/div>\n\t\t\t\t<\/div>\n\t\t\t\t\t<\/div>\n\t\t\t\t<\/div>\n\t\t<div class=\"elementor-element elementor-element-50493d3 e-flex e-con-boxed e-con e-parent\" data-id=\"50493d3\" data-element_type=\"container\" data-e-type=\"container\">\n\t\t\t\t\t<div class=\"e-con-inner\">\n\t\t<div class=\"elementor-element elementor-element-77eef7c e-con-full e-flex e-con e-child\" data-id=\"77eef7c\" data-element_type=\"container\" data-e-type=\"container\">\n\t\t\t\t<div class=\"elementor-element elementor-element-6626768 elementor-widget elementor-widget-heading\" data-id=\"6626768\" data-element_type=\"widget\" data-e-type=\"widget\" data-widget_type=\"heading.default\">\n\t\t\t\t\t<h1 class=\"elementor-heading-title elementor-size-default\">ASESORAMIENTO INDIVIDUAL, YOGA IYENGAR\u00ae, ONLINE<\/h1>\t\t\t\t<\/div>\n\t\t\t\t<div class=\"elementor-element elementor-element-bc7dc15 elementor-widget elementor-widget-text-editor\" data-id=\"bc7dc15\" data-element_type=\"widget\" data-e-type=\"widget\" data-widget_type=\"text-editor.default\">\n\t\t\t\t\t\t\t\t\t<p>En nuestro Centro Zama de yoga IENGAR\u00ae de Barcelona Les Corts <b>ofrecemos asesoramiento individual y personalizado online<\/b>.<br>El <b>objetivo es poderte guiar, orientar y darte pautas<\/b> sobre lo que necesites en relaci\u00f3n a <b>tu pr\u00e1ctica de yoga<\/b> , as\u00ed como en tu ense\u00f1anza, si es que eres profesor\/a de yoga. El asesoramiento que ofrecemos <b>va dirigido a cualquier practicante y\/o profesor\/a de yoga, tanto si es de yoga IYENGAR\u00ae como de otros m\u00e9todos de yoga<\/b>.<\/p>\n<p>El asesoramiento individual y personalizado online, <b>lo ofrece Laia Giralt Medir, directora, profesora de nivel Senior (nivel 3) y formadora\/mentora de profesores de yoga IYENGAR\u00ae del Centro Zama de yoga IYENGAR\u00ae<\/b> de Barcelona Les Corts . Puedes saber m\u00e1s sobre el recorrido profesional de <b>Laia Giralt Medir<\/b> en el apartado de nuestra web sobre <a href=\"https:\/\/www.zamaioga.com\/es\/profesores-del-centro\/\">Profesores del centro<\/a> y en la secci\u00f3n de Preguntas frecuentes.<\/p>\n<p>En una sesi\u00f3n de asesoramiento Laia Giralt Medir te puede <b>dar pautas si tienes alguna dificultad, dolencia, o duda en tu pr\u00e1ctica de yoga<\/b> . Si eres profesor\/a de yoga tambi\u00e9n puede <b>guiarte en el \u00e1mbito de la ense\u00f1anza y orientarte si tienes preguntas o alguna dificultad en las clases de yoga que impartes<\/b>, etc.<\/p>\n<p>Una <b>sesi\u00f3n de asesoramiento online<\/b> tiene una <b>duraci\u00f3n de 1h<\/b> con un <b>importe de 51\u20ac\/h<\/b>.<\/p>\n<p>Si quieres <b>solicitar una sesi\u00f3n de asesoramiento online con Laia Giralt Medir<\/b>, por favor <a href=\"https:\/\/www.zamaioga.com\/es\/contacto\/\">cont\u00e1ctanos<\/a> especificando lo que querr\u00edas y necesitas y te reservaremos d\u00eda y hora.<\/p>\t\t\t\t\t\t\t\t<\/div>\n\t\t\t\t<\/div>\n\t\t\t\t\t<\/div>\n\t\t\t\t<\/div>\n\t\t\t\t<section class=\"elementor-section elementor-top-section elementor-element elementor-element-41a9c6e elementor-section-boxed elementor-section-height-default elementor-section-height-default\" data-id=\"41a9c6e\" data-element_type=\"section\" data-e-type=\"section\" data-settings=\"{&quot;background_background&quot;:&quot;classic&quot;}\">\n\t\t\t\t\t\t<div class=\"elementor-container elementor-column-gap-default\">\n\t\t\t\t\t<div class=\"elementor-column elementor-col-100 elementor-top-column elementor-element elementor-element-445f9ee\" data-id=\"445f9ee\" data-element_type=\"column\" data-e-type=\"column\">\n\t\t\t<div class=\"elementor-widget-wrap elementor-element-populated\">\n\t\t\t\t\t\t<div class=\"elementor-element elementor-element-4278268 elementor-widget elementor-widget-heading\" data-id=\"4278268\" data-element_type=\"widget\" data-e-type=\"widget\" data-widget_type=\"heading.default\">\n\t\t\t\t\t<h2 class=\"elementor-heading-title elementor-size-default\">Preguntas frecuentes<\/h2>\t\t\t\t<\/div>\n\t\t\t\t<div class=\"elementor-element elementor-element-a8ab075 elementor-widget elementor-widget-shortcode\" data-id=\"a8ab075\" data-element_type=\"widget\" data-e-type=\"widget\" data-widget_type=\"shortcode.default\">\n\t\t\t\t\t\t\t<div class=\"elementor-shortcode\"><style>#sp-ea-6026 .spcollapsing { height: 0; overflow: hidden; transition-property: height;transition-duration: 300ms;}#sp-ea-6026.sp-easy-accordion>.sp-ea-single {margin-bottom: 10px; border: 1px solid #e2e2e2; }#sp-ea-6026.sp-easy-accordion>.sp-ea-single>.ea-header a {color: #444;}#sp-ea-6026.sp-easy-accordion>.sp-ea-single>.sp-collapse>.ea-body {background: #fff; color: #444;}#sp-ea-6026.sp-easy-accordion>.sp-ea-single {background: #eee;}#sp-ea-6026.sp-easy-accordion>.sp-ea-single>.ea-header a .ea-expand-icon { float: right; color: #444;font-size: 16px;}#sp-ea-6026.sp-easy-accordion>.sp-ea-single>.ea-header a .ea-expand-icon {margin-right: 0;}.sp-easy-accordion>.sp-ea-single {\r\n    background: #eee0 !important;\r\n    color: #a69260 !important;\r\n}\r\n\r\n.sp-easy-accordion>.sp-ea-single>.ea-header a {\r\n    color: #a69260 !important;\r\n}\r\n\r\n.sp-easy-accordion>.sp-ea-single>.ea-header a .ea-expand-icon.fa {\r\n    color: #a69260 !important;\r\n}\r\n\r\n\r\n.sp-easy-accordion>.sp-ea-single {\r\n  \tborder: none !important;\r\n    border-bottom: 1px solid #a69260 !important;\r\n    color: #a69260 !important;\r\n}\r\n\r\n.sp-easy-accordion>.sp-ea-single>.sp-collapse>.ea-body {\r\n    background: #fff0 !important;\r\n  \tcolor: #a69260 !important;\r\n}\r\n\r\n.sp-easy-accordion a{\r\n  color: #a69260 !important;\r\n}<\/style><div id=\"sp_easy_accordion-1713554882\"><div id=\"sp-ea-6026\" class=\"sp-ea-one sp-easy-accordion\" data-ea-active=\"ea-click\" data-ea-mode=\"vertical\" data-preloader=\"\" data-scroll-active-item=\"\" data-offset-to-scroll=\"0\"><div class=\"ea-card sp-ea-single\"><h3 class=\"ea-header\"><a class=\"collapsed\" id=\"ea-header-60260\" role=\"button\" data-sptoggle=\"spcollapse\" data-sptarget=\"#collapse60260\" aria-controls=\"collapse60260\" href=\"#\" aria-expanded=\"false\" tabindex=\"0\"><i aria-hidden=\"true\" role=\"presentation\" class=\"ea-expand-icon eap-icon-ea-expand-plus\"><\/i> \u00bfA qui\u00e9n van dirigidas estas sesiones de asesoramiento online?<\/a><\/h3><div class=\"sp-collapse spcollapse spcollapse\" id=\"collapse60260\" data-parent=\"#sp-ea-6026\" role=\"region\" aria-labelledby=\"ea-header-60260\"> <div class=\"ea-body\"><p>Van dirigidas a <strong>todos los practicantes de yoga o profesores de yoga<\/strong> <strong>que quieran seguir evolucionando en su pr\u00e1ctica y ense\u00f1anza<\/strong> y necesiten una gu\u00eda y ayuda de una profesora con m\u00e1s experiencia.<\/p><\/div><\/div><\/div><div class=\"ea-card sp-ea-single\"><h3 class=\"ea-header\"><a class=\"collapsed\" id=\"ea-header-60261\" role=\"button\" data-sptoggle=\"spcollapse\" data-sptarget=\"#collapse60261\" aria-controls=\"collapse60261\" href=\"#\" aria-expanded=\"false\" tabindex=\"0\"><i aria-hidden=\"true\" role=\"presentation\" class=\"ea-expand-icon eap-icon-ea-expand-plus\"><\/i> \u00bfQu\u00e9 ofreceis en estas sesiones de asesoramiento online?<\/a><\/h3><div class=\"sp-collapse spcollapse spcollapse\" id=\"collapse60261\" data-parent=\"#sp-ea-6026\" role=\"region\" aria-labelledby=\"ea-header-60261\"> <div class=\"ea-body\"><p>Durante 1h <strong><a href=\"https:\/\/www.zamaioga.com\/es\/profesores-del-centro\/\" target=\"_blank\" rel=\"noopener\">Laia Giralt Medir<\/a> te ofrece sus conocimientos y experiencia en el yoga IYENGAR\u00ae que ha adquirido desde el a\u00f1o 1997<\/strong>. Te da <strong>pautas, gu\u00eda, consejos, ayuda sobre la tem\u00e1tica o aspecto en el que necesites crecer y evolucionar (pr\u00e1ctica, ense\u00f1anza, filosof\u00eda, dolencias, terapia<\/strong>, etc).<\/p><\/div><\/div><\/div><div class=\"ea-card sp-ea-single\"><h3 class=\"ea-header\"><a class=\"collapsed\" id=\"ea-header-60262\" role=\"button\" data-sptoggle=\"spcollapse\" data-sptarget=\"#collapse60262\" aria-controls=\"collapse60262\" href=\"#\" aria-expanded=\"false\" tabindex=\"0\"><i aria-hidden=\"true\" role=\"presentation\" class=\"ea-expand-icon eap-icon-ea-expand-plus\"><\/i> \u00bfC\u00f3mo debo solicitar una sesi\u00f3n de asesoramiento online con Laia?<\/a><\/h3><div class=\"sp-collapse spcollapse spcollapse\" id=\"collapse60262\" data-parent=\"#sp-ea-6026\" role=\"region\" aria-labelledby=\"ea-header-60262\"> <div class=\"ea-body\"><p>Por favor <strong>cont\u00e1ctanos por correo-e a info@zamaioga.com<\/strong> di que va dirigido a <strong>Laia Giralt Medir<\/strong> y <strong>cu\u00e9ntanos sobre qu\u00e9 tema quieres asesoramiento<\/strong>. Entonces Laia te responder\u00e1 y concretar\u00e1 d\u00eda y hora para hacer el encuentro online y te enviar\u00e1 el enlace. Puede que antes de realizar la primera sesi\u00f3n online, Laia te pida m\u00e1s informaci\u00f3n sobre lo que quieres tratar o necesitas.<\/p><\/div><\/div><\/div><div class=\"ea-card sp-ea-single\"><h3 class=\"ea-header\"><a class=\"collapsed\" id=\"ea-header-60263\" role=\"button\" data-sptoggle=\"spcollapse\" data-sptarget=\"#collapse60263\" aria-controls=\"collapse60263\" href=\"#\" aria-expanded=\"false\" tabindex=\"0\"><i aria-hidden=\"true\" role=\"presentation\" class=\"ea-expand-icon eap-icon-ea-expand-plus\"><\/i> \u00bfPuedo pedir asesoramiento sobre cualquier tema?<\/a><\/h3><div class=\"sp-collapse spcollapse spcollapse\" id=\"collapse60263\" data-parent=\"#sp-ea-6026\" role=\"region\" aria-labelledby=\"ea-header-60263\"> <div class=\"ea-body\"><p>El asesoramiento que ofrece Laia Giralt Medir es sobre <strong>el yoga en su sentido m\u00e1s amplio y tambi\u00e9n espec\u00edficamente sobre todo lo que abarca el yoga IYENGAR\u00ae<\/strong>.<\/p><\/div><\/div><\/div><\/div><\/div><\/div>\n\t\t\t\t\t\t<\/div>\n\t\t\t\t\t<\/div>\n\t\t<\/div>\n\t\t\t\t\t<\/div>\n\t\t<\/section>\n\t\t\t\t<\/div>\n\t\t","protected":false},"excerpt":{"rendered":"<p>La pureza est\u00e1 donde no hay ansiedad, ni preocupaci\u00f3n, ni pensamiento. B.K.S Iyengar ASESORAMIENTO INDIVIDUAL, YOGA IYENGAR\u00ae, ONLINE En nuestro Centro Zama de yoga IENGAR\u00ae de Barcelona Les Corts ofrecemos asesoramiento individual y personalizado online.El objetivo es poderte guiar, orientar y darte pautas sobre lo que necesites en relaci\u00f3n a tu pr\u00e1ctica de yoga , [&hellip;]<\/p>\n","protected":false},"author":2,"featured_media":0,"parent":0,"menu_order":0,"comment_status":"closed","ping_status":"closed","template":"elementor_canvas","meta":{"site-sidebar-layout":"no-sidebar","site-content-layout":"page-builder","ast-site-content-layout":"full-width-container","site-content-style":"unboxed","site-sidebar-style":"unboxed","ast-global-header-display":"","ast-banner-title-visibility":"","ast-main-header-display":"","ast-hfb-above-header-display":"","ast-hfb-below-header-display":"","ast-hfb-mobile-header-display":"","site-post-title":"disabled","ast-breadcrumbs-content":"","ast-featured-img":"disabled","footer-sml-layout":"","ast-disable-related-posts":"","theme-transparent-header-meta":"","adv-header-id-meta":"","stick-header-meta":"","header-above-stick-meta":"","header-main-stick-meta":"","header-below-stick-meta":"","astra-migrate-meta-layouts":"set","ast-page-background-enabled":"default","ast-page-background-meta":{"desktop":{"background-color":"var(--ast-global-color-4)","background-image":"","background-repeat":"repeat","background-position":"center center","background-size":"auto","background-attachment":"scroll","background-type":"","background-media":"","overlay-type":"","overlay-color":"","overlay-opacity":"","overlay-gradient":""},"tablet":{"background-color":"","background-image":"","background-repeat":"repeat","background-position":"center center","background-size":"auto","background-attachment":"scroll","background-type":"","background-media":"","overlay-type":"","overlay-color":"","overlay-opacity":"","overlay-gradient":""},"mobile":{"background-color":"","background-image":"","background-repeat":"repeat","background-position":"center center","background-size":"auto","background-attachment":"scroll","background-type":"","background-media":"","overlay-type":"","overlay-color":"","overlay-opacity":"","overlay-gradient":""}},"ast-content-background-meta":{"desktop":{"background-color":"var(--ast-global-color-5)","background-image":"","background-repeat":"repeat","background-position":"center center","background-size":"auto","background-attachment":"scroll","background-type":"","background-media":"","overlay-type":"","overlay-color":"","overlay-opacity":"","overlay-gradient":""},"tablet":{"background-color":"var(--ast-global-color-5)","background-image":"","background-repeat":"repeat","background-position":"center center","background-size":"auto","background-attachment":"scroll","background-type":"","background-media":"","overlay-type":"","overlay-color":"","overlay-opacity":"","overlay-gradient":""},"mobile":{"background-color":"var(--ast-global-color-5)","background-image":"","background-repeat":"repeat","background-position":"center center","background-size":"auto","background-attachment":"scroll","background-type":"","background-media":"","overlay-type":"","overlay-color":"","overlay-opacity":"","overlay-gradient":""}},"_joinchat":[],"footnotes":""},"class_list":["post-5718","page","type-page","status-publish","hentry"],"_links":{"self":[{"href":"https:\/\/www.zamaioga.com\/es\/wp-json\/wp\/v2\/pages\/5718","targetHints":{"allow":["GET"]}}],"collection":[{"href":"https:\/\/www.zamaioga.com\/es\/wp-json\/wp\/v2\/pages"}],"about":[{"href":"https:\/\/www.zamaioga.com\/es\/wp-json\/wp\/v2\/types\/page"}],"author":[{"embeddable":true,"href":"https:\/\/www.zamaioga.com\/es\/wp-json\/wp\/v2\/users\/2"}],"replies":[{"embeddable":true,"href":"https:\/\/www.zamaioga.com\/es\/wp-json\/wp\/v2\/comments?post=5718"}],"version-history":[{"count":0,"href":"https:\/\/www.zamaioga.com\/es\/wp-json\/wp\/v2\/pages\/5718\/revisions"}],"wp:attachment":[{"href":"https:\/\/www.zamaioga.com\/es\/wp-json\/wp\/v2\/media?parent=5718"}],"curies":[{"name":"wp","href":"https:\/\/api.w.org\/{rel}","templated":true}]}}