{"id":5734,"date":"2024-03-24T11:32:14","date_gmt":"2024-03-24T10:32:14","guid":{"rendered":"https:\/\/www.zamaioga.com\/yoga-terapeutico-y-personalizado\/"},"modified":"2025-08-18T16:09:55","modified_gmt":"2025-08-18T15:09:55","slug":"yoga-terapeutico-y-personalizado","status":"publish","type":"page","link":"https:\/\/www.zamaioga.com\/es\/yoga-terapeutico-y-personalizado\/","title":{"rendered":"Yoga terap\u00e9utico y personalizado"},"content":{"rendered":"\t\t<div data-elementor-type=\"wp-page\" data-elementor-id=\"5734\" class=\"elementor elementor-5734 elementor-4832\">\n\t\t\t\t\t\t<section class=\"elementor-section elementor-top-section elementor-element elementor-element-ca2aa9f elementor-section-full_width elementor-section-stretched elementor-section-height-default elementor-section-height-default\" data-id=\"ca2aa9f\" data-element_type=\"section\" data-e-type=\"section\" data-settings=\"{&quot;stretch_section&quot;:&quot;section-stretched&quot;}\">\n\t\t\t\t\t\t<div class=\"elementor-container elementor-column-gap-default\">\n\t\t\t\t\t<div class=\"elementor-column elementor-col-100 elementor-top-column elementor-element elementor-element-d79b35d\" data-id=\"d79b35d\" data-element_type=\"column\" data-e-type=\"column\">\n\t\t\t<div class=\"elementor-widget-wrap elementor-element-populated\">\n\t\t\t\t\t\t<div class=\"elementor-element elementor-element-db3f938 elementor-widget elementor-widget-image\" data-id=\"db3f938\" data-element_type=\"widget\" data-e-type=\"widget\" data-widget_type=\"image.default\">\n\t\t\t\t\t\t\t\t\t\t\t\t\t\t\t<img decoding=\"async\" width=\"1600\" height=\"968\" src=\"https:\/\/www.zamaioga.com\/wp-content\/uploads\/2024\/04\/ioga-personalitzat.webp\" class=\"attachment-full size-full wp-image-5498\" alt=\"IOGA IYENGAR\u00ae TERAP\u00c8UTIC I PERSONALITZAT A BARCELONA\" srcset=\"https:\/\/www.zamaioga.com\/wp-content\/uploads\/2024\/04\/ioga-personalitzat.webp 1600w, https:\/\/www.zamaioga.com\/wp-content\/uploads\/2024\/04\/ioga-personalitzat-300x182.webp 300w, https:\/\/www.zamaioga.com\/wp-content\/uploads\/2024\/04\/ioga-personalitzat-1024x620.webp 1024w, https:\/\/www.zamaioga.com\/wp-content\/uploads\/2024\/04\/ioga-personalitzat-768x465.webp 768w, https:\/\/www.zamaioga.com\/wp-content\/uploads\/2024\/04\/ioga-personalitzat-1536x929.webp 1536w\" sizes=\"(max-width: 1600px) 100vw, 1600px\" \/>\t\t\t\t\t\t\t\t\t\t\t\t\t\t\t<\/div>\n\t\t\t\t\t<\/div>\n\t\t<\/div>\n\t\t\t\t\t<\/div>\n\t\t<\/section>\n\t\t<div class=\"elementor-element elementor-element-edd672f e-flex e-con-boxed e-con e-parent\" data-id=\"edd672f\" data-element_type=\"container\" data-e-type=\"container\" data-settings=\"{&quot;background_background&quot;:&quot;classic&quot;}\">\n\t\t\t\t\t<div class=\"e-con-inner\">\n\t\t<div class=\"elementor-element elementor-element-1e6d7c0 e-con-full e-flex e-con e-child\" data-id=\"1e6d7c0\" data-element_type=\"container\" data-e-type=\"container\">\n\t\t\t\t<div class=\"elementor-element elementor-element-382f678 elementor-widget elementor-widget-heading\" data-id=\"382f678\" data-element_type=\"widget\" data-e-type=\"widget\" data-widget_type=\"heading.default\">\n\t\t\t\t\t<p class=\"elementor-heading-title elementor-size-default\">La salud es <strong>firmeza en el cuerpo<\/strong>, <strong>estabilidad en la mente <\/strong>y <strong>claridad en el pensamiento<\/strong>.<br>\n<small>B.K.S Iyengar<\/small><\/p>\t\t\t\t<\/div>\n\t\t\t\t<\/div>\n\t\t\t\t\t<\/div>\n\t\t\t\t<\/div>\n\t\t<div class=\"elementor-element elementor-element-0565c0a e-flex e-con-boxed e-con e-parent\" data-id=\"0565c0a\" data-element_type=\"container\" data-e-type=\"container\">\n\t\t\t\t\t<div class=\"e-con-inner\">\n\t\t<div class=\"elementor-element elementor-element-8b91a1d e-con-full e-flex e-con e-child\" data-id=\"8b91a1d\" data-element_type=\"container\" data-e-type=\"container\">\n\t\t\t\t<div class=\"elementor-element elementor-element-47beb39 elementor-widget elementor-widget-heading\" data-id=\"47beb39\" data-element_type=\"widget\" data-e-type=\"widget\" data-widget_type=\"heading.default\">\n\t\t\t\t\t<h1 class=\"elementor-heading-title elementor-size-default\">YOGA IYENGAR\u00ae TERAP\u00c9UTICO Y PERSONALIZADO EN BARCELONA<\/h1>\t\t\t\t<\/div>\n\t\t\t\t<div class=\"elementor-element elementor-element-ac0afec elementor-widget elementor-widget-text-editor\" data-id=\"ac0afec\" data-element_type=\"widget\" data-e-type=\"widget\" data-widget_type=\"text-editor.default\">\n\t\t\t\t\t\t\t\t\t<p>En nuestra escuela <b>Zama de yoga IYENGAR\u00ae de Barcelona Les Corts<\/b> realizamos clases de <b>yoga IYENGAR\u00ae<\/b> con una aproximaci\u00f3n <b>terap\u00e9utica y personalizada<\/b> .<br \/>Tenemos practicantes con distintos estados de salud y dolencias f\u00edsicas y\/o emocionales. Puedes practicar<b> yoga IYENGAR\u00ae en nuestra escuela Zama de yoga IYENGAR\u00ae de Barcelona Les Corts<\/b> aunque tengas alguna de las siguientes dolencias: <b>hipertensi\u00f3n, hipotensi\u00f3n, artrosis, discopat\u00edas en la columna vertebral, escoliosis, desequilibrios hormonales, hipo o h\u00edper tiroidismo, afecciones org\u00e1nicas en el sistema respiratorio, digestivo, urinario, reproductor, circulatorio, estados de depresi\u00f3n, ansiedad, estr\u00e9s, insomnio<\/b>, etc.<\/p><p><b>Adaptamos el programa<\/b> de pr\u00e1ctica y <b>las posturas<\/b> (assanas) y <b>la regulaci\u00f3n de la respiraci\u00f3n<\/b> (pranayama) a las diferentes dolencias. Cada postura puede ser realizada de diversas maneras y con <b>diferentes soportes<\/b> . El objetivo es <b>crear espacio, relajaci\u00f3n, compacticidad, estiramiento, expansi\u00f3n y alineamiento<\/b> , con un <b>flujo de conciencia<\/b> y de <b>fuerza vital<\/b> (prana) <b>homog\u00e9neos en todas las c\u00e9lulas del cuerpo<\/b>.<\/p><p><span lang=\"CA\">Las adapataciones de la pr\u00e1ctica las hacemos\u00a0<a href=\"https:\/\/www.zamaioga.com\/es\/horarios-y-cuotas\/\" target=\"_blank\" rel=\"noopener\">en todas las clases de lunes a s\u00e1bado<\/a>. Adem\u00e1s tambi\u00e9n ofrecemos <b>clases particulares (individuales)<\/b> en nuestro Centro de yoga en Barcelona.<\/span><\/p><p><a href=\"https:\/\/www.zamaioga.com\/es\/contacto\/\">Cont\u00e1ctanos<\/a> y cu\u00e9ntanos que tienes y <b>estudiaremos cu\u00e1l es la mejor manera de ayudarte<\/b> a trav\u00e9s de la pr\u00e1ctica del <b>yoga IYENGAR\u00ae en Barcelona Les Corts.<\/b><\/p>\t\t\t\t\t\t\t\t<\/div>\n\t\t\t\t<\/div>\n\t\t<div class=\"elementor-element elementor-element-1e76dc0 e-con-full e-flex e-con e-child\" data-id=\"1e76dc0\" data-element_type=\"container\" data-e-type=\"container\">\n\t\t\t\t<div class=\"elementor-element elementor-element-da8f44e elementor-widget elementor-widget-heading\" data-id=\"da8f44e\" data-element_type=\"widget\" data-e-type=\"widget\" data-widget_type=\"heading.default\">\n\t\t\t\t\t<h2 class=\"elementor-heading-title elementor-size-default\">Importancia del yoga terap\u00e9utico<\/h2>\t\t\t\t<\/div>\n\t\t\t\t<div class=\"elementor-element elementor-element-aef358d elementor-widget elementor-widget-text-editor\" data-id=\"aef358d\" data-element_type=\"widget\" data-e-type=\"widget\" data-widget_type=\"text-editor.default\">\n\t\t\t\t\t\t\t\t\t<p>Practicar <strong>yoga terap\u00e9utico y personalizado en Barcelona<\/strong> es mucho m\u00e1s que hacer posturas; es cuidar tu salud de forma consciente y adaptada a ti. Este tipo de yoga emplea el <strong>m\u00e9todo Iyengar\u00ae<\/strong> para trabajar con precisi\u00f3n, <strong>corrigiendo desequilibrios y mejorando dolencias musculares o articulares<\/strong>.<\/p><p>Su importancia radica en que se centra en tus <strong>necesidades individuales<\/strong>. Cada cuerpo tiene su historia: lesiones, tensiones o limitaciones que requieren un trato espec\u00edfico. Por eso, un enfoque personalizado te garantiza avanzar de forma segura, evitando forzar o agravar molestias.<\/p><p>Adem\u00e1s, el yoga terap\u00e9utico se convierte en un aliado para <strong>reducir el estr\u00e9s y mejorar tu bienestar emocional.<\/strong> No solo recuperas movilidad y fortaleza, sino que aprendes a respirar y a escucharte, encontrando un <strong>equilibrio integral que transforma tu d\u00eda a d\u00eda.<\/strong><\/p>\t\t\t\t\t\t\t\t<\/div>\n\t\t\t\t<\/div>\n\t\t<div class=\"elementor-element elementor-element-39d4ebf e-con-full e-flex e-con e-child\" data-id=\"39d4ebf\" data-element_type=\"container\" data-e-type=\"container\">\n\t\t\t\t<div class=\"elementor-element elementor-element-6fc3427 elementor-widget elementor-widget-heading\" data-id=\"6fc3427\" data-element_type=\"widget\" data-e-type=\"widget\" data-widget_type=\"heading.default\">\n\t\t\t\t\t<h2 class=\"elementor-heading-title elementor-size-default\">Beneficios del yoga terap\u00e9utico y personalizado<\/h2>\t\t\t\t<\/div>\n\t\t\t\t<div class=\"elementor-element elementor-element-e3c45f6 elementor-widget elementor-widget-text-editor\" data-id=\"e3c45f6\" data-element_type=\"widget\" data-e-type=\"widget\" data-widget_type=\"text-editor.default\">\n\t\t\t\t\t\t\t\t\t<p>Este enfoque te permite tratar <strong>dolencias musculares, problemas articulares o incluso gestionar el estr\u00e9s y la ansiedad de manera efectiva<\/strong>. Al ser personalizado, ajustamos el ritmo, las posturas y los soportes a lo que realmente necesitas.<\/p><p>Adem\u00e1s, el yoga terap\u00e9utico <strong>favorece la recuperaci\u00f3n tras lesiones y ayuda a prevenir futuros desequilibrios.<\/strong> Descubrir\u00e1s c\u00f3mo, poco a poco, mejora tu flexibilidad, aumenta tu fuerza y se renueva tu energ\u00eda vital.<\/p><p>En nuestro centro estamos comprometidos con tu proceso. Te invitamos a vivir una experiencia transformadora a trav\u00e9s del <strong>yoga terap\u00e9utico y personalizado, en pleno coraz\u00f3n de Barcelona<\/strong>.<\/p>\t\t\t\t\t\t\t\t<\/div>\n\t\t\t\t<\/div>\n\t\t\t\t\t<\/div>\n\t\t\t\t<\/div>\n\t\t\t\t<section class=\"elementor-section elementor-top-section elementor-element elementor-element-3c812a2 elementor-section-boxed elementor-section-height-default elementor-section-height-default\" data-id=\"3c812a2\" data-element_type=\"section\" data-e-type=\"section\" data-settings=\"{&quot;background_background&quot;:&quot;classic&quot;}\">\n\t\t\t\t\t\t<div class=\"elementor-container elementor-column-gap-default\">\n\t\t\t\t\t<div class=\"elementor-column elementor-col-100 elementor-top-column elementor-element elementor-element-52f79c9\" data-id=\"52f79c9\" data-element_type=\"column\" data-e-type=\"column\">\n\t\t\t<div class=\"elementor-widget-wrap elementor-element-populated\">\n\t\t\t\t\t\t<div class=\"elementor-element elementor-element-f41f593 elementor-widget elementor-widget-heading\" data-id=\"f41f593\" data-element_type=\"widget\" data-e-type=\"widget\" data-widget_type=\"heading.default\">\n\t\t\t\t\t<h2 class=\"elementor-heading-title elementor-size-default\">Preguntas frecuentes<\/h2>\t\t\t\t<\/div>\n\t\t\t\t<div class=\"elementor-element elementor-element-cf531cd elementor-widget elementor-widget-shortcode\" data-id=\"cf531cd\" data-element_type=\"widget\" data-e-type=\"widget\" data-widget_type=\"shortcode.default\">\n\t\t\t\t\t\t\t<div class=\"elementor-shortcode\"><style>#sp-ea-6016 .spcollapsing { height: 0; overflow: hidden; transition-property: height;transition-duration: 300ms;}#sp-ea-6016.sp-easy-accordion>.sp-ea-single {margin-bottom: 10px; border: 1px solid #e2e2e2; }#sp-ea-6016.sp-easy-accordion>.sp-ea-single>.ea-header a {color: #444;}#sp-ea-6016.sp-easy-accordion>.sp-ea-single>.sp-collapse>.ea-body {background: #fff; color: #444;}#sp-ea-6016.sp-easy-accordion>.sp-ea-single {background: #eee;}#sp-ea-6016.sp-easy-accordion>.sp-ea-single>.ea-header a .ea-expand-icon { float: right; color: #444;font-size: 16px;}#sp-ea-6016.sp-easy-accordion>.sp-ea-single>.ea-header a .ea-expand-icon {margin-right: 0;}.sp-easy-accordion>.sp-ea-single {\r\n    background: #eee0 !important;\r\n    color: #a69260 !important;\r\n}\r\n\r\n.sp-easy-accordion>.sp-ea-single>.ea-header a {\r\n    color: #a69260 !important;\r\n}\r\n\r\n.sp-easy-accordion>.sp-ea-single>.ea-header a .ea-expand-icon.fa {\r\n    color: #a69260 !important;\r\n}\r\n\r\n\r\n.sp-easy-accordion>.sp-ea-single {\r\n  \tborder: none !important;\r\n    border-bottom: 1px solid #a69260 !important;\r\n    color: #a69260 !important;\r\n}\r\n\r\n.sp-easy-accordion>.sp-ea-single>.sp-collapse>.ea-body {\r\n    background: #fff0 !important;\r\n  \tcolor: #a69260 !important;\r\n}\r\n\r\n.sp-easy-accordion a{\r\n  color: #a69260 !important;\r\n}<\/style><div id=\"sp_easy_accordion-1713544114\"><div id=\"sp-ea-6016\" class=\"sp-ea-one sp-easy-accordion\" data-ea-active=\"ea-click\" data-ea-mode=\"vertical\" data-preloader=\"\" data-scroll-active-item=\"\" data-offset-to-scroll=\"0\"><div class=\"ea-card sp-ea-single\"><h3 class=\"ea-header\"><a class=\"collapsed\" id=\"ea-header-60160\" role=\"button\" data-sptoggle=\"spcollapse\" data-sptarget=\"#collapse60160\" aria-controls=\"collapse60160\" href=\"#\" aria-expanded=\"false\" tabindex=\"0\"><i aria-hidden=\"true\" role=\"presentation\" class=\"ea-expand-icon eap-icon-ea-expand-plus\"><\/i> \u00bfA qui\u00e9n van dirigidas las clases de yoga terap\u00e9utico y personalizado?<\/a><\/h3><div class=\"sp-collapse spcollapse spcollapse\" id=\"collapse60160\" data-parent=\"#sp-ea-6016\" role=\"region\" aria-labelledby=\"ea-header-60160\"> <div class=\"ea-body\"><p>Las clases de yoga terap\u00e9utico y personalizado de nuestro Centro Zama de yoga IYENGAR\u00ae de Barcelona, se dirigen a todas aquellas personas que tienen <strong>alg\u00fan tipo de dolencia f\u00edsica, u org\u00e1nica, o energ\u00e9tica, o emocional, o mental<\/strong>.<\/p><\/div><\/div><\/div><div class=\"ea-card sp-ea-single\"><h3 class=\"ea-header\"><a class=\"collapsed\" id=\"ea-header-60161\" role=\"button\" data-sptoggle=\"spcollapse\" data-sptarget=\"#collapse60161\" aria-controls=\"collapse60161\" href=\"#\" aria-expanded=\"false\" tabindex=\"0\"><i aria-hidden=\"true\" role=\"presentation\" class=\"ea-expand-icon eap-icon-ea-expand-plus\"><\/i> \u00bfSi tengo alg\u00fan tipo de dolencia qu\u00e9 procedimiento debo seguir para inscribirme en las clases de yoga terap\u00e9utico y personalizado?<\/a><\/h3><div class=\"sp-collapse spcollapse spcollapse\" id=\"collapse60161\" data-parent=\"#sp-ea-6016\" role=\"region\" aria-labelledby=\"ea-header-60161\"> <div class=\"ea-body\"><p>Para inscribirte, por favor <strong>cont\u00e1ctanos<\/strong> y cu\u00e9ntanos qu\u00e9 tipo de dolencia tienes. Env\u00edanos tambi\u00e9n las <strong>pruebas e informes m\u00e9dicos<\/strong> y estudiaremos tu caso y te aconsejaremos sobre qu\u00e9 es lo mejor para tu caso y situaci\u00f3n.<\/p><\/div><\/div><\/div><div class=\"ea-card sp-ea-single\"><h3 class=\"ea-header\"><a class=\"collapsed\" id=\"ea-header-60162\" role=\"button\" data-sptoggle=\"spcollapse\" data-sptarget=\"#collapse60162\" aria-controls=\"collapse60162\" href=\"#\" aria-expanded=\"false\" tabindex=\"0\"><i aria-hidden=\"true\" role=\"presentation\" class=\"ea-expand-icon eap-icon-ea-expand-plus\"><\/i> \u00bfSi tengo alguna dolencia o lesi\u00f3n de tipo f\u00edsico puedo hacer yoga IYENGAR\u00ae?<\/a><\/h3><div class=\"sp-collapse spcollapse spcollapse\" id=\"collapse60162\" data-parent=\"#sp-ea-6016\" role=\"region\" aria-labelledby=\"ea-header-60162\"> <div class=\"ea-body\"><p>S\u00ed, puedes practicar yoga IYENGAR\u00ae ya que te <strong>adaptaremos la pr\u00e1ctica con soportes<\/strong>, te haremos hacer las asanas (posturas) m\u00e1s adecuadas para tu caso y te indicaremos cu\u00e1les son <strong>las acciones que debes realizar en cada postura<\/strong> para poder hacerlo la adecuadamente <strong>obteniendo los mejores beneficios para tu salud<\/strong>.<\/p><\/div><\/div><\/div><div class=\"ea-card sp-ea-single\"><h3 class=\"ea-header\"><a class=\"collapsed\" id=\"ea-header-60163\" role=\"button\" data-sptoggle=\"spcollapse\" data-sptarget=\"#collapse60163\" aria-controls=\"collapse60163\" href=\"#\" aria-expanded=\"false\" tabindex=\"0\"><i aria-hidden=\"true\" role=\"presentation\" class=\"ea-expand-icon eap-icon-ea-expand-plus\"><\/i> \u00bfPuedo hacer yoga IYENGAR\u00ae si tengo un desequilibrio emocional o mental como ansiedad, estr\u00e9s, depresi\u00f3n, agitaci\u00f3n, irritaci\u00f3n?<\/a><\/h3><div class=\"sp-collapse spcollapse spcollapse\" id=\"collapse60163\" data-parent=\"#sp-ea-6016\" role=\"region\" aria-labelledby=\"ea-header-60163\"> <div class=\"ea-body\"><p>El yoga IYENGAR\u00ae terap\u00e9utico y personalizado te ir\u00e1 muy bien si tienes a<strong>nsiedad, estr\u00e9s, depresi\u00f3n, agitaci\u00f3n o irritaci\u00f3n<\/strong>. Las posturas (asanas) y regulaci\u00f3n de la respiraci\u00f3n (pranayama) que har\u00e1s <strong>te ayudar\u00e1n a equilibrarte emocional y mentalmente para que recuperes la serenidad, la alegr\u00eda de vivir, la energ\u00eda y la fuerza vital, la ecuanimidad y la paz interior. Vivir\u00e1s m\u00e1s el presente con mayor sabidur\u00eda y comprensi\u00f3n de la realidad<\/strong>.<\/p><\/div><\/div><\/div><div class=\"ea-card sp-ea-single\"><h3 class=\"ea-header\"><a class=\"collapsed\" id=\"ea-header-60164\" role=\"button\" data-sptoggle=\"spcollapse\" data-sptarget=\"#collapse60164\" aria-controls=\"collapse60164\" href=\"#\" aria-expanded=\"false\" tabindex=\"0\"><i aria-hidden=\"true\" role=\"presentation\" class=\"ea-expand-icon eap-icon-ea-expand-plus\"><\/i> \u00bfQu\u00e9 profesor\/a del Centro Zama puede asesorarme si tengo una dolencia o lesi\u00f3n?<\/a><\/h3><div class=\"sp-collapse spcollapse spcollapse\" id=\"collapse60164\" data-parent=\"#sp-ea-6016\" role=\"region\" aria-labelledby=\"ea-header-60164\"> <div class=\"ea-body\"><p><a href=\"https:\/\/www.zamaioga.com\/es\/profesores-del-centro\/\" target=\"_blank\" rel=\"noopener\">Laia Giralt Medir<\/a> es la profesora del centro Zama de yoga IYENGAR\u00ae de Barcelona Las cortes que <strong>asesora, gu\u00eda y ayuda a los alumnos cuando hay casos terap\u00e9uticos<\/strong>. Ella es una <strong>profesora Senior de nivel<\/strong> <strong>3<\/strong> que posee los conocimientos y competencias para hacerlo.<\/p><\/div><\/div><\/div><\/div><\/div><\/div>\n\t\t\t\t\t\t<\/div>\n\t\t\t\t\t<\/div>\n\t\t<\/div>\n\t\t\t\t\t<\/div>\n\t\t<\/section>\n\t\t\t\t<\/div>\n\t\t","protected":false},"excerpt":{"rendered":"<p>La salud es firmeza en el cuerpo, estabilidad en la mente y claridad en el pensamiento. B.K.S Iyengar YOGA IYENGAR\u00ae TERAP\u00c9UTICO Y PERSONALIZADO EN BARCELONA En nuestra escuela Zama de yoga IYENGAR\u00ae de Barcelona Les Corts realizamos clases de yoga IYENGAR\u00ae con una aproximaci\u00f3n terap\u00e9utica y personalizada .Tenemos practicantes con distintos estados de salud y [&hellip;]<\/p>\n","protected":false},"author":2,"featured_media":0,"parent":0,"menu_order":0,"comment_status":"closed","ping_status":"closed","template":"elementor_canvas","meta":{"site-sidebar-layout":"no-sidebar","site-content-layout":"page-builder","ast-site-content-layout":"full-width-container","site-content-style":"unboxed","site-sidebar-style":"unboxed","ast-global-header-display":"","ast-banner-title-visibility":"","ast-main-header-display":"","ast-hfb-above-header-display":"","ast-hfb-below-header-display":"","ast-hfb-mobile-header-display":"","site-post-title":"disabled","ast-breadcrumbs-content":"","ast-featured-img":"disabled","footer-sml-layout":"","ast-disable-related-posts":"","theme-transparent-header-meta":"","adv-header-id-meta":"","stick-header-meta":"","header-above-stick-meta":"","header-main-stick-meta":"","header-below-stick-meta":"","astra-migrate-meta-layouts":"set","ast-page-background-enabled":"default","ast-page-background-meta":{"desktop":{"background-color":"var(--ast-global-color-4)","background-image":"","background-repeat":"repeat","background-position":"center center","background-size":"auto","background-attachment":"scroll","background-type":"","background-media":"","overlay-type":"","overlay-color":"","overlay-opacity":"","overlay-gradient":""},"tablet":{"background-color":"","background-image":"","background-repeat":"repeat","background-position":"center center","background-size":"auto","background-attachment":"scroll","background-type":"","background-media":"","overlay-type":"","overlay-color":"","overlay-opacity":"","overlay-gradient":""},"mobile":{"background-color":"","background-image":"","background-repeat":"repeat","background-position":"center center","background-size":"auto","background-attachment":"scroll","background-type":"","background-media":"","overlay-type":"","overlay-color":"","overlay-opacity":"","overlay-gradient":""}},"ast-content-background-meta":{"desktop":{"background-color":"var(--ast-global-color-5)","background-image":"","background-repeat":"repeat","background-position":"center center","background-size":"auto","background-attachment":"scroll","background-type":"","background-media":"","overlay-type":"","overlay-color":"","overlay-opacity":"","overlay-gradient":""},"tablet":{"background-color":"var(--ast-global-color-5)","background-image":"","background-repeat":"repeat","background-position":"center center","background-size":"auto","background-attachment":"scroll","background-type":"","background-media":"","overlay-type":"","overlay-color":"","overlay-opacity":"","overlay-gradient":""},"mobile":{"background-color":"var(--ast-global-color-5)","background-image":"","background-repeat":"repeat","background-position":"center center","background-size":"auto","background-attachment":"scroll","background-type":"","background-media":"","overlay-type":"","overlay-color":"","overlay-opacity":"","overlay-gradient":""}},"_joinchat":[],"footnotes":""},"class_list":["post-5734","page","type-page","status-publish","hentry"],"_links":{"self":[{"href":"https:\/\/www.zamaioga.com\/es\/wp-json\/wp\/v2\/pages\/5734","targetHints":{"allow":["GET"]}}],"collection":[{"href":"https:\/\/www.zamaioga.com\/es\/wp-json\/wp\/v2\/pages"}],"about":[{"href":"https:\/\/www.zamaioga.com\/es\/wp-json\/wp\/v2\/types\/page"}],"author":[{"embeddable":true,"href":"https:\/\/www.zamaioga.com\/es\/wp-json\/wp\/v2\/users\/2"}],"replies":[{"embeddable":true,"href":"https:\/\/www.zamaioga.com\/es\/wp-json\/wp\/v2\/comments?post=5734"}],"version-history":[{"count":0,"href":"https:\/\/www.zamaioga.com\/es\/wp-json\/wp\/v2\/pages\/5734\/revisions"}],"wp:attachment":[{"href":"https:\/\/www.zamaioga.com\/es\/wp-json\/wp\/v2\/media?parent=5734"}],"curies":[{"name":"wp","href":"https:\/\/api.w.org\/{rel}","templated":true}]}}